{"id":2035,"date":"2020-05-20T14:40:02","date_gmt":"2020-05-20T18:40:02","guid":{"rendered":"https:\/\/fondationhopitalsaint-jerome.org\/plan-du-site\/"},"modified":"2020-12-22T09:38:38","modified_gmt":"2020-12-22T14:38:38","slug":"site-plan","status":"publish","type":"page","link":"https:\/\/fondationhopitalsaint-jerome.org\/en\/site-plan\/","title":{"rendered":"Site Map"},"content":{"rendered":"\t\t<div data-elementor-type=\"wp-page\" data-elementor-id=\"2035\" class=\"elementor elementor-2035 elementor-604\" data-elementor-post-type=\"page\">\n\t\t\t\t\t\t<section class=\"elementor-section elementor-top-section elementor-element elementor-element-6ec5a0c elementor-section-height-min-height elementor-section-boxed elementor-section-height-default elementor-section-items-middle\" data-id=\"6ec5a0c\" data-element_type=\"section\" data-e-type=\"section\" data-settings=\"{&quot;background_background&quot;:&quot;classic&quot;}\">\n\t\t\t\t\t\t\t<div class=\"elementor-background-overlay\"><\/div>\n\t\t\t\t\t\t\t<div class=\"elementor-container elementor-column-gap-default\">\n\t\t\t\t\t<div class=\"elementor-column elementor-col-100 elementor-top-column elementor-element elementor-element-8231f74\" data-id=\"8231f74\" data-element_type=\"column\" data-e-type=\"column\">\n\t\t\t<div class=\"elementor-widget-wrap elementor-element-populated\">\n\t\t\t\t\t\t<div class=\"elementor-element elementor-element-d51b7e7 elementor-widget elementor-widget-heading\" data-id=\"d51b7e7\" data-element_type=\"widget\" data-e-type=\"widget\" data-widget_type=\"heading.default\">\n\t\t\t\t<div class=\"elementor-widget-container\">\n\t\t\t\t\t<h1 class=\"elementor-heading-title elementor-size-default\">Site Map<\/h1>\t\t\t\t<\/div>\n\t\t\t\t<\/div>\n\t\t\t\t\t<\/div>\n\t\t<\/div>\n\t\t\t\t\t<\/div>\n\t\t<\/section>\n\t\t\t\t<section class=\"elementor-section elementor-top-section elementor-element elementor-element-5d24e7e elementor-section-boxed elementor-section-height-default elementor-section-height-default\" data-id=\"5d24e7e\" data-element_type=\"section\" data-e-type=\"section\">\n\t\t\t\t\t\t<div class=\"elementor-container elementor-column-gap-default\">\n\t\t\t\t\t<div class=\"elementor-column elementor-col-100 elementor-top-column elementor-element elementor-element-7555488\" data-id=\"7555488\" data-element_type=\"column\" data-e-type=\"column\">\n\t\t\t<div class=\"elementor-widget-wrap elementor-element-populated\">\n\t\t\t\t\t\t<div class=\"elementor-element elementor-element-a3803cd elementor-widget elementor-widget-sitemap\" data-id=\"a3803cd\" data-element_type=\"widget\" data-e-type=\"widget\" data-widget_type=\"sitemap.default\">\n\t\t\t\t<div class=\"elementor-widget-container\">\n\t\t\t\t\t<div class=\"elementor-sitemap-wrap\"><div class=\"elementor-sitemap-section\"><h2 class=\"elementor-sitemap-title elementor-sitemap-page-title\">Pages<\/h2><ul class=\"elementor-sitemap-list elementor-sitemap-page-list\"><li class=\"elementor-sitemap-item elementor-sitemap-item-page page_item page-item-1965\"><a href=\"https:\/\/fondationhopitalsaint-jerome.org\/en\/administration\/\">Administration<\/a><\/li><li class=\"elementor-sitemap-item elementor-sitemap-item-page page_item page-item-1974\"><a href=\"https:\/\/fondationhopitalsaint-jerome.org\/en\/areas-of-impact\/\">Areas of Impact<\/a><\/li><li class=\"elementor-sitemap-item elementor-sitemap-item-page page_item page-item-1971\"><a href=\"https:\/\/fondationhopitalsaint-jerome.org\/en\/become-a-volunteer\/\">Become a Volunteer<\/a><\/li><li class=\"elementor-sitemap-item elementor-sitemap-item-page page_item page-item-1967\"><a href=\"https:\/\/fondationhopitalsaint-jerome.org\/en\/careers\/\">Careers<\/a><\/li><li class=\"elementor-sitemap-item elementor-sitemap-item-page page_item page-item-2016\"><a href=\"https:\/\/fondationhopitalsaint-jerome.org\/en\/contact-us\/\">Contact Us<\/a><\/li><li class=\"elementor-sitemap-item elementor-sitemap-item-page page_item page-item-2030\"><a href=\"https:\/\/fondationhopitalsaint-jerome.org\/en\/corporate-partners\/\">Corporate Partners<\/a><\/li><li class=\"elementor-sitemap-item elementor-sitemap-item-page page_item page-item-2036\"><a href=\"https:\/\/fondationhopitalsaint-jerome.org\/en\/current-priorities\/\">Current Priorities<\/a><\/li><li class=\"elementor-sitemap-item elementor-sitemap-item-page page_item page-item-12243\"><a href=\"https:\/\/fondationhopitalsaint-jerome.org\/en\/drapeau-deschambault\/\">Drapeau Deschambault<\/a><\/li><li class=\"elementor-sitemap-item elementor-sitemap-item-page page_item page-item-2010\"><a href=\"https:\/\/fondationhopitalsaint-jerome.org\/en\/employee-lottery\/\">Employee Lottery<\/a><\/li><li class=\"elementor-sitemap-item elementor-sitemap-item-page page_item page-item-1993\"><a href=\"https:\/\/fondationhopitalsaint-jerome.org\/en\/events\/\">Events<\/a><\/li><li class=\"elementor-sitemap-item elementor-sitemap-item-page page_item page-item-2003\"><a href=\"https:\/\/fondationhopitalsaint-jerome.org\/en\/faq\/\">FAQ<\/a><\/li><li class=\"elementor-sitemap-item elementor-sitemap-item-page page_item page-item-2004\"><a href=\"https:\/\/fondationhopitalsaint-jerome.org\/en\/foundation\/\">Foundation<\/a><\/li><li class=\"elementor-sitemap-item elementor-sitemap-item-page page_item page-item-1991\"><a href=\"https:\/\/fondationhopitalsaint-jerome.org\/en\/give-now\/\">Give Now<\/a><\/li><li class=\"elementor-sitemap-item elementor-sitemap-item-page page_item page-item-1962\"><a href=\"https:\/\/fondationhopitalsaint-jerome.org\/en\/\">Home<\/a><\/li><li class=\"elementor-sitemap-item elementor-sitemap-item-page page_item page-item-1979\"><a href=\"https:\/\/fondationhopitalsaint-jerome.org\/en\/lifelong-donors\/\">Lifelong Donors<\/a><ul class='children'><li class=\"elementor-sitemap-item elementor-sitemap-item-page page_item page-item-1984\"><a href=\"https:\/\/fondationhopitalsaint-jerome.org\/en\/lifelong-donors\/wall-of-recognition\/\">Wall of Recognition<\/a><\/li><\/ul><\/li><li class=\"elementor-sitemap-item elementor-sitemap-item-page page_item page-item-1998\"><a href=\"https:\/\/fondationhopitalsaint-jerome.org\/en\/make-a-donation\/\">Make a Donation<\/a><\/li><li class=\"elementor-sitemap-item elementor-sitemap-item-page page_item page-item-1977\"><a href=\"https:\/\/fondationhopitalsaint-jerome.org\/en\/monthly-donation\/\">Monthly Donation<\/a><\/li><li class=\"elementor-sitemap-item elementor-sitemap-item-page page_item page-item-2024\"><a href=\"https:\/\/fondationhopitalsaint-jerome.org\/en\/news\/\">News<\/a><\/li><li class=\"elementor-sitemap-item elementor-sitemap-item-page page_item page-item-2029\"><a href=\"https:\/\/fondationhopitalsaint-jerome.org\/en\/organize-a-fundraising-campaign\/\">Organize a Fundraising Campaign<\/a><\/li><li class=\"elementor-sitemap-item elementor-sitemap-item-page page_item page-item-2023\"><a href=\"https:\/\/fondationhopitalsaint-jerome.org\/en\/organize-an-event\/\">Organize an Event<\/a><\/li><li class=\"elementor-sitemap-item elementor-sitemap-item-page page_item page-item-1986\"><a href=\"https:\/\/fondationhopitalsaint-jerome.org\/en\/planned-donation\/\">Planned Donation<\/a><\/li><li class=\"elementor-sitemap-item elementor-sitemap-item-page page_item page-item-9969\"><a href=\"https:\/\/fondationhopitalsaint-jerome.org\/en\/planned-giving\/\">Planned Giving<\/a><\/li><li class=\"elementor-sitemap-item elementor-sitemap-item-page page_item page-item-2043\"><a href=\"https:\/\/fondationhopitalsaint-jerome.org\/en\/recent-achievements\/\">Recent Achievements<\/a><\/li><li class=\"elementor-sitemap-item elementor-sitemap-item-page page_item page-item-2035\"><a href=\"https:\/\/fondationhopitalsaint-jerome.org\/en\/site-plan\/\">Site Map<\/a><\/li><li class=\"elementor-sitemap-item elementor-sitemap-item-page page_item page-item-2044\"><a href=\"https:\/\/fondationhopitalsaint-jerome.org\/en\/testimonials\/\">Testimonials<\/a><\/li><li class=\"elementor-sitemap-item elementor-sitemap-item-page page_item page-item-2009\"><a href=\"https:\/\/fondationhopitalsaint-jerome.org\/en\/useful-links\/\">Useful Links<\/a><\/li><\/ul><\/div><div class=\"elementor-sitemap-section\"><h2 class=\"elementor-sitemap-title elementor-sitemap-tribe_events-title\">Events<\/h2><span class=\"elementor-sitemap-list elementor-sitemap-tribe_events-list\">None<\/span><\/div><div class=\"elementor-sitemap-section\"><h2 class=\"elementor-sitemap-title elementor-sitemap-post-title\">News<\/h2><ul class=\"elementor-sitemap-list elementor-sitemap-post-list\"><li class=\"elementor-sitemap-item elementor-sitemap-item-post page_item page-item-11497\"><a href=\"https:\/\/fondationhopitalsaint-jerome.org\/en\/acier-ouellette-a-generous-partner-in-pediatric-staff-training\/\">Acier Ouellette \u2013 A Generous Partner in Pediatric Staff Training<\/a><\/li><li class=\"elementor-sitemap-item elementor-sitemap-item-post page_item page-item-4513\"><a href=\"https:\/\/fondationhopitalsaint-jerome.org\/en\/velo-a-notre-sante-2021-120500-raised-for-the-laurentians\/\">V\u00e9lo \u00e0 notre sant\u00e9 2021: $ 120,500 raised for the Laurentians<\/a><\/li><li class=\"elementor-sitemap-item elementor-sitemap-item-post page_item page-item-4427\"><a href=\"https:\/\/fondationhopitalsaint-jerome.org\/en\/stuffed-toys-to-bring-back-kids-smiles\/\">Stuffed toys to bring back kid&#8217;s smiles!<\/a><\/li><li class=\"elementor-sitemap-item elementor-sitemap-item-post page_item page-item-4425\"><a href=\"https:\/\/fondationhopitalsaint-jerome.org\/en\/joining-forces-for-the-health-of-laurentians\/\">Joining forces for the health of Laurentians<\/a><\/li><li class=\"elementor-sitemap-item elementor-sitemap-item-post page_item page-item-4423\"><a href=\"https:\/\/fondationhopitalsaint-jerome.org\/en\/there-is-no-age-to-help-your-community\/\">There is no age to help your community<\/a><\/li><li class=\"elementor-sitemap-item elementor-sitemap-item-post page_item page-item-3810\"><a href=\"https:\/\/fondationhopitalsaint-jerome.org\/en\/our-online-store-reopens-its-doors-for-mothers-day-copy\/\">You are invited to the annual general meeting of the Saint-J\u00e9r\u00f4me Regional Hospital Foundation<\/a><\/li><li class=\"elementor-sitemap-item elementor-sitemap-item-post page_item page-item-3620\"><a href=\"https:\/\/fondationhopitalsaint-jerome.org\/en\/our-online-store-reopens-its-doors-for-mothers-day\/\">Our online store reopens its doors for Mother&#8217;s Day!<\/a><\/li><li class=\"elementor-sitemap-item elementor-sitemap-item-post page_item page-item-3544\"><a href=\"https:\/\/fondationhopitalsaint-jerome.org\/en\/courir-a-notre-sante-registration\/\">Courir \u00e0 notre sant\u00e9: registration<\/a><\/li><li class=\"elementor-sitemap-item elementor-sitemap-item-post page_item page-item-3381\"><a href=\"https:\/\/fondationhopitalsaint-jerome.org\/en\/tchin-2021-new-formula\/\">TCHIN 2021 : new formula<\/a><\/li><li class=\"elementor-sitemap-item elementor-sitemap-item-post page_item page-item-2079\"><a href=\"https:\/\/fondationhopitalsaint-jerome.org\/en\/a-tree-a-donation\/\">A Tree = A Donation!<\/a><\/li><li class=\"elementor-sitemap-item elementor-sitemap-item-post page_item page-item-2080\"><a href=\"https:\/\/fondationhopitalsaint-jerome.org\/en\/cahier-special-sur-les-dons-planifies\/\">Special Edition of Planned Donations<\/a><\/li><li class=\"elementor-sitemap-item elementor-sitemap-item-post page_item page-item-2083\"><a href=\"https:\/\/fondationhopitalsaint-jerome.org\/en\/lindustrie-aeronautique-se-demarque\/\">The Aviation Industry Makes a Difference!<\/a><\/li><li class=\"elementor-sitemap-item elementor-sitemap-item-post page_item page-item-2084\"><a href=\"https:\/\/fondationhopitalsaint-jerome.org\/en\/la-boutique-passe-partout-se-transforme\/\">The Passe-Partout Shop is Adapting<\/a><\/li><li class=\"elementor-sitemap-item elementor-sitemap-item-post page_item page-item-2087\"><a href=\"https:\/\/fondationhopitalsaint-jerome.org\/en\/campagne-pour-le-2e-appareil-irm-en-cours\/\">Campaign for the 2nd MRI Machine Underway!<\/a><\/li><li class=\"elementor-sitemap-item elementor-sitemap-item-post page_item page-item-2088\"><a href=\"https:\/\/fondationhopitalsaint-jerome.org\/en\/velo-a-notre-sante-apporte-124-398\/\">Cycling for Our Health brought in $124,398!<\/a><\/li><li class=\"elementor-sitemap-item elementor-sitemap-item-post page_item page-item-2091\"><a href=\"https:\/\/fondationhopitalsaint-jerome.org\/en\/nouvel-appareil-finance\/\">New Equipment Funded<\/a><\/li><li class=\"elementor-sitemap-item elementor-sitemap-item-post page_item page-item-2092\"><a href=\"https:\/\/fondationhopitalsaint-jerome.org\/en\/grande-vente-des-anciens-maillots-velo-a-notre-sante\/\">Big Sale of Past Cycling for Our Health Jerseys<\/a><\/li><li class=\"elementor-sitemap-item elementor-sitemap-item-post page_item page-item-2095\"><a href=\"https:\/\/fondationhopitalsaint-jerome.org\/en\/velo-a-notre-sante-inscriptions-ouvertes\/\">Cycling for Our Health: registration open<\/a><\/li><li class=\"elementor-sitemap-item elementor-sitemap-item-post page_item page-item-2096\"><a href=\"https:\/\/fondationhopitalsaint-jerome.org\/en\/1-000-000-pour-les-projets-2020\/\">$1,000,000 for Projects in 2020!<\/a><\/li><li class=\"elementor-sitemap-item elementor-sitemap-item-post page_item page-item-2099\"><a href=\"https:\/\/fondationhopitalsaint-jerome.org\/en\/ensemble-donnons-une-bonne-dose-damour-a-nos-soins-de-sante\/\">Together, Let&#8217;s Give Our Health Care a Big Dose of Love!<\/a><\/li><li class=\"elementor-sitemap-item elementor-sitemap-item-post page_item page-item-2100\"><a href=\"https:\/\/fondationhopitalsaint-jerome.org\/en\/courir-a-notre-sante-chacun-dans-son-quartier-defi-releve\/\">RUNNING FOR OUR HEALTH &#8211; EVERYONE IN THEIR NEIGHBOURHOOD &#8211; CHALLENGE MET!<\/a><\/li><li class=\"elementor-sitemap-item elementor-sitemap-item-post page_item page-item-2103\"><a href=\"https:\/\/fondationhopitalsaint-jerome.org\/en\/la-fondation-souligne-ses-30-ans\/\">The Foundation Celebrates its 30th Anniversary<\/a><\/li><li class=\"elementor-sitemap-item elementor-sitemap-item-post page_item page-item-2104\"><a href=\"https:\/\/fondationhopitalsaint-jerome.org\/en\/courir-a-notre-sante-edition-speciale\/\">Running for Our Health \u2013 Special Edition!<\/a><\/li><li class=\"elementor-sitemap-item elementor-sitemap-item-post page_item page-item-2107\"><a href=\"https:\/\/fondationhopitalsaint-jerome.org\/en\/32-500-pour-lachat-de-3-defibrillateurs-portatifs-2\/\">$32,500 for the Purchase of 3 Portable Defibrillators<\/a><\/li><li class=\"elementor-sitemap-item elementor-sitemap-item-post page_item page-item-2108\"><a href=\"https:\/\/fondationhopitalsaint-jerome.org\/en\/tchin-succes-de-la-2eme-edition\/\">TCHIN \u2013 Success of the 2nd edition<\/a><\/li><\/ul><\/div><\/div>\t\t\t\t<\/div>\n\t\t\t\t<\/div>\n\t\t\t\t\t<\/div>\n\t\t<\/div>\n\t\t\t\t\t<\/div>\n\t\t<\/section>\n\t\t\t\t<\/div>\n\t\t","protected":false},"excerpt":{"rendered":"<p>Site Map<\/p>\n","protected":false},"author":1,"featured_media":0,"parent":0,"menu_order":0,"comment_status":"closed","ping_status":"closed","template":"","meta":{"_acf_changed":false,"inline_featured_image":false,"footnotes":""},"class_list":["post-2035","page","type-page","status-publish","hentry"],"acf":[],"_links":{"self":[{"href":"https:\/\/fondationhopitalsaint-jerome.org\/en\/wp-json\/wp\/v2\/pages\/2035","targetHints":{"allow":["GET"]}}],"collection":[{"href":"https:\/\/fondationhopitalsaint-jerome.org\/en\/wp-json\/wp\/v2\/pages"}],"about":[{"href":"https:\/\/fondationhopitalsaint-jerome.org\/en\/wp-json\/wp\/v2\/types\/page"}],"author":[{"embeddable":true,"href":"https:\/\/fondationhopitalsaint-jerome.org\/en\/wp-json\/wp\/v2\/users\/1"}],"replies":[{"embeddable":true,"href":"https:\/\/fondationhopitalsaint-jerome.org\/en\/wp-json\/wp\/v2\/comments?post=2035"}],"version-history":[{"count":0,"href":"https:\/\/fondationhopitalsaint-jerome.org\/en\/wp-json\/wp\/v2\/pages\/2035\/revisions"}],"wp:attachment":[{"href":"https:\/\/fondationhopitalsaint-jerome.org\/en\/wp-json\/wp\/v2\/media?parent=2035"}],"curies":[{"name":"wp","href":"https:\/\/api.w.org\/{rel}","templated":true}]}}