{"id":2029,"date":"2020-05-20T15:57:30","date_gmt":"2020-05-20T19:57:30","guid":{"rendered":"https:\/\/fondationhopitalsaint-jerome.org\/organiser-une-collecte-de-fonds\/"},"modified":"2020-12-05T15:08:49","modified_gmt":"2020-12-05T20:08:49","slug":"organize-a-fundraising-campaign","status":"publish","type":"page","link":"https:\/\/fondationhopitalsaint-jerome.org\/en\/organize-a-fundraising-campaign\/","title":{"rendered":"Organize a Fundraising Campaign"},"content":{"rendered":"\t\t<div data-elementor-type=\"wp-page\" data-elementor-id=\"2029\" class=\"elementor elementor-2029 elementor-661\" data-elementor-post-type=\"page\">\n\t\t\t\t\t\t<section class=\"elementor-section elementor-top-section elementor-element elementor-element-6ec5a0c elementor-section-height-min-height elementor-section-boxed elementor-section-height-default elementor-section-items-middle\" data-id=\"6ec5a0c\" data-element_type=\"section\" data-e-type=\"section\" data-settings=\"{&quot;background_background&quot;:&quot;classic&quot;}\">\n\t\t\t\t\t\t<div class=\"elementor-container elementor-column-gap-default\">\n\t\t\t\t\t<div class=\"elementor-column elementor-col-100 elementor-top-column elementor-element elementor-element-8231f74\" data-id=\"8231f74\" data-element_type=\"column\" data-e-type=\"column\">\n\t\t\t<div class=\"elementor-widget-wrap elementor-element-populated\">\n\t\t\t\t\t\t<div class=\"elementor-element elementor-element-d51b7e7 elementor-widget elementor-widget-heading\" data-id=\"d51b7e7\" data-element_type=\"widget\" data-e-type=\"widget\" data-widget_type=\"heading.default\">\n\t\t\t\t<div class=\"elementor-widget-container\">\n\t\t\t\t\t<h1 class=\"elementor-heading-title elementor-size-default\">Organize a Fundraiser<\/h1>\t\t\t\t<\/div>\n\t\t\t\t<\/div>\n\t\t\t\t\t<\/div>\n\t\t<\/div>\n\t\t\t\t\t<\/div>\n\t\t<\/section>\n\t\t\t\t<section class=\"elementor-section elementor-top-section elementor-element elementor-element-5d24e7e elementor-section-boxed elementor-section-height-default elementor-section-height-default\" data-id=\"5d24e7e\" data-element_type=\"section\" data-e-type=\"section\" data-settings=\"{&quot;background_background&quot;:&quot;classic&quot;}\">\n\t\t\t\t\t\t<div class=\"elementor-container elementor-column-gap-default\">\n\t\t\t\t\t<div class=\"elementor-column elementor-col-100 elementor-top-column elementor-element elementor-element-7555488\" data-id=\"7555488\" data-element_type=\"column\" data-e-type=\"column\">\n\t\t\t<div class=\"elementor-widget-wrap elementor-element-populated\">\n\t\t\t\t\t\t<div class=\"elementor-element elementor-element-1be6057 elementor-widget elementor-widget-heading\" data-id=\"1be6057\" data-element_type=\"widget\" data-e-type=\"widget\" data-widget_type=\"heading.default\">\n\t\t\t\t<div class=\"elementor-widget-container\">\n\t\t\t\t\t<h2 class=\"elementor-heading-title elementor-size-default\">Here are the steps to follow for the organization of your fundraiser.\n<\/h2>\t\t\t\t<\/div>\n\t\t\t\t<\/div>\n\t\t\t\t<div class=\"elementor-element elementor-element-9d7ad70 elementor-widget elementor-widget-text-editor\" data-id=\"9d7ad70\" data-element_type=\"widget\" data-e-type=\"widget\" data-widget_type=\"text-editor.default\">\n\t\t\t\t<div class=\"elementor-widget-container\">\n\t\t\t\t\t\t\t\t\t<p><strong>1. Have your activity approved by the Foundation<\/strong><br \/>Fill out the form <a href=\"\/wp-content\/uploads\/2020\/05\/formulaire_activite.docx\" target=\"_blank\" rel=\"noopener\">Proposal to Hold a Fundraising Activity<\/a>.<br \/>The Events Director will contact you upon receipt of your proposal.<\/p><p><strong>2. Form an organizing committee.<\/strong><br \/>Surround yourself with enthusiastic, available and pleasant people. It&#8217;s the way to success!<br \/>Don&#8217;t forget to plan for enough volunteers to accomplish all the tasks related to your activity; they are essential to the smooth running of the activity.<\/p><p><strong>3.Set a realistic, easily measurable and achievable financial goal.<\/strong><\/p><p><strong>4. Plan a brainstorming session.<\/strong><br \/>Gather the members of your organizing committee and give free rein to your creativity and imagination.<\/p><p><strong>5. Choose a suitable activity.<\/strong><br \/>To join success and fun together, aim for a project that will suit your committee members in terms of availability, skills, aptitudes, and areas of interest.<\/p><p><strong>6. Identify.<\/strong><br \/>Who is your event for? Who might be interested? Who can participate?<\/p><p><strong>7. Set the date.<\/strong><br \/>Choose a date that suits the members of your committee and the people you want to attract.<\/p><p><strong>8. Draw up a budget.<\/strong><br \/>You will generate more revenue by reducing expenses through major sponsorships.<br \/>In the budget section of the Proposal to Hold a Fundraising Activity form is where you enter the revenues and expenses related to the fundraiser.<\/p><p><strong>9. Promote your activity.<\/strong><br \/>Once you have authorization to organize your fundraising activity, the Foundation will allow you to use its name and logo.<br \/>It is mandatory to submit the publicity material for your activity to us for approval prior to having it printed or distributed.<\/p><p><strong>10. Collect the funds.<\/strong><br \/>Once your activity is completed, the funds generated by the activity must be paid to the Fondation de l&#8217;H\u00f4pital r\u00e9gional de Saint-J\u00e9r\u00f4me within 45 days. In accordance with the law, it takes 3 weeks before you receive your tax receipt. (Certain conditions and rules apply when issuing tax receipts. Before making a commitment to your donors or participants, we ask that you seek the approval of the Events Director at the Fondation de l\u2019H\u00f4pital r\u00e9gional de Saint-J\u00e9r\u00f4me.)<\/p><p><strong>11. Say THANK YOU!<\/strong><br \/>Thank everyone who contributed to the success of your event (your committee members, sponsors, major donors, volunteers, etc.).<br \/>Inform them of the amount raised and the success of your fundraiser.<\/p>\t\t\t\t\t\t\t\t<\/div>\n\t\t\t\t<\/div>\n\t\t\t\t\t<\/div>\n\t\t<\/div>\n\t\t\t\t\t<\/div>\n\t\t<\/section>\n\t\t\t\t<\/div>\n\t\t","protected":false},"excerpt":{"rendered":"<p>Organize a Fundraiser Here are the steps to follow for the organization of your fundraiser. 1. Have your activity approved by the FoundationFill out the form Proposal to Hold a [&hellip;]<\/p>\n","protected":false},"author":1,"featured_media":0,"parent":0,"menu_order":0,"comment_status":"closed","ping_status":"closed","template":"","meta":{"_acf_changed":false,"inline_featured_image":false,"footnotes":""},"class_list":["post-2029","page","type-page","status-publish","hentry"],"acf":[],"_links":{"self":[{"href":"https:\/\/fondationhopitalsaint-jerome.org\/en\/wp-json\/wp\/v2\/pages\/2029","targetHints":{"allow":["GET"]}}],"collection":[{"href":"https:\/\/fondationhopitalsaint-jerome.org\/en\/wp-json\/wp\/v2\/pages"}],"about":[{"href":"https:\/\/fondationhopitalsaint-jerome.org\/en\/wp-json\/wp\/v2\/types\/page"}],"author":[{"embeddable":true,"href":"https:\/\/fondationhopitalsaint-jerome.org\/en\/wp-json\/wp\/v2\/users\/1"}],"replies":[{"embeddable":true,"href":"https:\/\/fondationhopitalsaint-jerome.org\/en\/wp-json\/wp\/v2\/comments?post=2029"}],"version-history":[{"count":0,"href":"https:\/\/fondationhopitalsaint-jerome.org\/en\/wp-json\/wp\/v2\/pages\/2029\/revisions"}],"wp:attachment":[{"href":"https:\/\/fondationhopitalsaint-jerome.org\/en\/wp-json\/wp\/v2\/media?parent=2029"}],"curies":[{"name":"wp","href":"https:\/\/api.w.org\/{rel}","templated":true}]}}