{"id":2024,"date":"2020-05-20T14:55:35","date_gmt":"2020-05-20T18:55:35","guid":{"rendered":"https:\/\/fondationhopitalsaint-jerome.org\/nouvelles\/"},"modified":"2020-12-08T22:42:48","modified_gmt":"2020-12-09T03:42:48","slug":"news","status":"publish","type":"page","link":"https:\/\/fondationhopitalsaint-jerome.org\/en\/news\/","title":{"rendered":"News"},"content":{"rendered":"\t\t<div data-elementor-type=\"wp-page\" data-elementor-id=\"2024\" class=\"elementor elementor-2024 elementor-623\" data-elementor-post-type=\"page\">\n\t\t\t\t\t\t<section class=\"elementor-section elementor-top-section elementor-element elementor-element-9478fd7 elementor-section-height-min-height elementor-section-boxed elementor-section-height-default elementor-section-items-middle\" data-id=\"9478fd7\" data-element_type=\"section\" data-e-type=\"section\" data-settings=\"{&quot;background_background&quot;:&quot;classic&quot;}\">\n\t\t\t\t\t\t\t<div class=\"elementor-background-overlay\"><\/div>\n\t\t\t\t\t\t\t<div class=\"elementor-container elementor-column-gap-default\">\n\t\t\t\t\t<div class=\"elementor-column elementor-col-100 elementor-top-column elementor-element elementor-element-76c6e50\" data-id=\"76c6e50\" data-element_type=\"column\" data-e-type=\"column\">\n\t\t\t<div class=\"elementor-widget-wrap elementor-element-populated\">\n\t\t\t\t\t\t<div class=\"elementor-element elementor-element-4490814 elementor-widget elementor-widget-heading\" data-id=\"4490814\" data-element_type=\"widget\" data-e-type=\"widget\" data-widget_type=\"heading.default\">\n\t\t\t\t<div class=\"elementor-widget-container\">\n\t\t\t\t\t<h1 class=\"elementor-heading-title elementor-size-default\">News<\/h1>\t\t\t\t<\/div>\n\t\t\t\t<\/div>\n\t\t\t\t\t<\/div>\n\t\t<\/div>\n\t\t\t\t\t<\/div>\n\t\t<\/section>\n\t\t\t\t<section class=\"elementor-section elementor-top-section elementor-element elementor-element-0bb3231 elementor-section-boxed elementor-section-height-default elementor-section-height-default\" data-id=\"0bb3231\" data-element_type=\"section\" data-e-type=\"section\">\n\t\t\t\t\t\t<div class=\"elementor-container elementor-column-gap-default\">\n\t\t\t\t\t<div class=\"elementor-column elementor-col-100 elementor-top-column elementor-element elementor-element-27b47a3\" data-id=\"27b47a3\" data-element_type=\"column\" data-e-type=\"column\">\n\t\t\t<div class=\"elementor-widget-wrap elementor-element-populated\">\n\t\t\t\t\t\t<div class=\"elementor-element elementor-element-12ee7cf elementor-grid-3 elementor-grid-tablet-2 elementor-grid-mobile-1 elementor-posts--thumbnail-top elementor-widget elementor-widget-posts\" data-id=\"12ee7cf\" data-element_type=\"widget\" data-e-type=\"widget\" data-settings=\"{&quot;classic_row_gap&quot;:{&quot;unit&quot;:&quot;px&quot;,&quot;size&quot;:40,&quot;sizes&quot;:[]},&quot;classic_columns&quot;:&quot;3&quot;,&quot;classic_columns_tablet&quot;:&quot;2&quot;,&quot;classic_columns_mobile&quot;:&quot;1&quot;,&quot;classic_row_gap_tablet&quot;:{&quot;unit&quot;:&quot;px&quot;,&quot;size&quot;:&quot;&quot;,&quot;sizes&quot;:[]},&quot;classic_row_gap_mobile&quot;:{&quot;unit&quot;:&quot;px&quot;,&quot;size&quot;:&quot;&quot;,&quot;sizes&quot;:[]}}\" data-widget_type=\"posts.classic\">\n\t\t\t\t<div class=\"elementor-widget-container\">\n\t\t\t\t\t\t\t<div class=\"elementor-posts-container elementor-posts elementor-posts--skin-classic elementor-grid\" role=\"list\">\n\t\t\t\t<article class=\"elementor-post elementor-grid-item post-11497 post type-post status-publish format-standard has-post-thumbnail hentry category-uncategorized\" role=\"listitem\">\n\t\t\t\t<a class=\"elementor-post__thumbnail__link\" href=\"https:\/\/fondationhopitalsaint-jerome.org\/en\/acier-ouellette-a-generous-partner-in-pediatric-staff-training\/\" tabindex=\"-1\" >\n\t\t\t<div class=\"elementor-post__thumbnail\"><img fetchpriority=\"high\" decoding=\"async\" width=\"1500\" height=\"1125\" src=\"https:\/\/fondationhopitalsaint-jerome.org\/wp-content\/uploads\/2024\/07\/Acier_Ouellette_18062024.jpg\" class=\"attachment-full size-full wp-image-11495\" alt=\"\" srcset=\"https:\/\/fondationhopitalsaint-jerome.org\/wp-content\/uploads\/2024\/07\/Acier_Ouellette_18062024.jpg 1500w, https:\/\/fondationhopitalsaint-jerome.org\/wp-content\/uploads\/2024\/07\/Acier_Ouellette_18062024-300x225.jpg 300w, https:\/\/fondationhopitalsaint-jerome.org\/wp-content\/uploads\/2024\/07\/Acier_Ouellette_18062024-1024x768.jpg 1024w, https:\/\/fondationhopitalsaint-jerome.org\/wp-content\/uploads\/2024\/07\/Acier_Ouellette_18062024-768x576.jpg 768w\" sizes=\"(max-width: 1500px) 100vw, 1500px\" \/><\/div>\n\t\t<\/a>\n\t\t\t\t<div class=\"elementor-post__text\">\n\t\t\t\t<h3 class=\"elementor-post__title\">\n\t\t\t<a href=\"https:\/\/fondationhopitalsaint-jerome.org\/en\/acier-ouellette-a-generous-partner-in-pediatric-staff-training\/\" >\n\t\t\t\tAcier Ouellette \u2013 A Generous Partner in Pediatric Staff Training\t\t\t<\/a>\n\t\t<\/h3>\n\t\t\t\t<div class=\"elementor-post__excerpt\">\n\t\t\t<p>Saint-J\u00e9r\u00f4me, June 19, 2024 \u2014 As part of its five-year commitment, the steel distributor and its derivatives, located in Saint-J\u00e9r\u00f4me, announces a financial involvement with the Saint-J\u00e9r\u00f4me Regional Hospital Foundation,<\/p>\n\t\t<\/div>\n\t\t\n\t\t<a class=\"elementor-post__read-more\" href=\"https:\/\/fondationhopitalsaint-jerome.org\/en\/acier-ouellette-a-generous-partner-in-pediatric-staff-training\/\" aria-label=\"Read more about Acier Ouellette \u2013 A Generous Partner in Pediatric Staff Training\" tabindex=\"-1\" >\n\t\t\tRead more\t\t<\/a>\n\n\t\t\t\t<\/div>\n\t\t\t\t<\/article>\n\t\t\t\t<article class=\"elementor-post elementor-grid-item post-4513 post type-post status-publish format-standard has-post-thumbnail hentry category-uncategorized\" role=\"listitem\">\n\t\t\t\t<a class=\"elementor-post__thumbnail__link\" href=\"https:\/\/fondationhopitalsaint-jerome.org\/en\/velo-a-notre-sante-2021-120500-raised-for-the-laurentians\/\" tabindex=\"-1\" >\n\t\t\t<div class=\"elementor-post__thumbnail\"><img decoding=\"async\" width=\"1500\" height=\"1000\" src=\"https:\/\/fondationhopitalsaint-jerome.org\/wp-content\/uploads\/2021\/09\/51466956625_4c8d8cb7e2_o.jpg\" class=\"attachment-full size-full wp-image-4504\" alt=\"\" srcset=\"https:\/\/fondationhopitalsaint-jerome.org\/wp-content\/uploads\/2021\/09\/51466956625_4c8d8cb7e2_o.jpg 1500w, https:\/\/fondationhopitalsaint-jerome.org\/wp-content\/uploads\/2021\/09\/51466956625_4c8d8cb7e2_o-300x200.jpg 300w, https:\/\/fondationhopitalsaint-jerome.org\/wp-content\/uploads\/2021\/09\/51466956625_4c8d8cb7e2_o-1024x683.jpg 1024w, https:\/\/fondationhopitalsaint-jerome.org\/wp-content\/uploads\/2021\/09\/51466956625_4c8d8cb7e2_o-768x512.jpg 768w\" sizes=\"(max-width: 1500px) 100vw, 1500px\" \/><\/div>\n\t\t<\/a>\n\t\t\t\t<div class=\"elementor-post__text\">\n\t\t\t\t<h3 class=\"elementor-post__title\">\n\t\t\t<a href=\"https:\/\/fondationhopitalsaint-jerome.org\/en\/velo-a-notre-sante-2021-120500-raised-for-the-laurentians\/\" >\n\t\t\t\tV\u00e9lo \u00e0 notre sant\u00e9 2021: $ 120,500 raised for the Laurentians\t\t\t<\/a>\n\t\t<\/h3>\n\t\t\t\t<div class=\"elementor-post__excerpt\">\n\t\t\t<p>The 22nd edition of V\u00e9lo \u00e0 notre sant\u00e9 took place on September 12th. More than 450 cyclists rode the P\u2019tit Train du Nord linear park under a radiant sun for<\/p>\n\t\t<\/div>\n\t\t\n\t\t<a class=\"elementor-post__read-more\" href=\"https:\/\/fondationhopitalsaint-jerome.org\/en\/velo-a-notre-sante-2021-120500-raised-for-the-laurentians\/\" aria-label=\"Read more about V\u00e9lo \u00e0 notre sant\u00e9 2021: $ 120,500 raised for the Laurentians\" tabindex=\"-1\" >\n\t\t\tRead more\t\t<\/a>\n\n\t\t\t\t<\/div>\n\t\t\t\t<\/article>\n\t\t\t\t<article class=\"elementor-post elementor-grid-item post-4427 post type-post status-publish format-standard has-post-thumbnail hentry category-uncategorized\" role=\"listitem\">\n\t\t\t\t<a class=\"elementor-post__thumbnail__link\" href=\"https:\/\/fondationhopitalsaint-jerome.org\/en\/stuffed-toys-to-bring-back-kids-smiles\/\" tabindex=\"-1\" >\n\t\t\t<div class=\"elementor-post__thumbnail\"><img decoding=\"async\" width=\"1500\" height=\"1125\" src=\"https:\/\/fondationhopitalsaint-jerome.org\/wp-content\/uploads\/2021\/08\/Peluches.jpg\" class=\"attachment-full size-full wp-image-4365\" alt=\"\" srcset=\"https:\/\/fondationhopitalsaint-jerome.org\/wp-content\/uploads\/2021\/08\/Peluches.jpg 1500w, https:\/\/fondationhopitalsaint-jerome.org\/wp-content\/uploads\/2021\/08\/Peluches-300x225.jpg 300w, https:\/\/fondationhopitalsaint-jerome.org\/wp-content\/uploads\/2021\/08\/Peluches-1024x768.jpg 1024w, https:\/\/fondationhopitalsaint-jerome.org\/wp-content\/uploads\/2021\/08\/Peluches-768x576.jpg 768w\" sizes=\"(max-width: 1500px) 100vw, 1500px\" \/><\/div>\n\t\t<\/a>\n\t\t\t\t<div class=\"elementor-post__text\">\n\t\t\t\t<h3 class=\"elementor-post__title\">\n\t\t\t<a href=\"https:\/\/fondationhopitalsaint-jerome.org\/en\/stuffed-toys-to-bring-back-kids-smiles\/\" >\n\t\t\t\tStuffed toys to bring back kid&#8217;s smiles!\t\t\t<\/a>\n\t\t<\/h3>\n\t\t\t\t<div class=\"elementor-post__excerpt\">\n\t\t\t<p>The Saint-J\u00e9r\u00f4me Hospital Foundation is pleased to announce a new local partnership with the Ricochet group inc. which allowed the delivery of 500 soft toys for children undergoing surgery. For<\/p>\n\t\t<\/div>\n\t\t\n\t\t<a class=\"elementor-post__read-more\" href=\"https:\/\/fondationhopitalsaint-jerome.org\/en\/stuffed-toys-to-bring-back-kids-smiles\/\" aria-label=\"Read more about Stuffed toys to bring back kid&#8217;s smiles!\" tabindex=\"-1\" >\n\t\t\tRead more\t\t<\/a>\n\n\t\t\t\t<\/div>\n\t\t\t\t<\/article>\n\t\t\t\t<article class=\"elementor-post elementor-grid-item post-4425 post type-post status-publish format-standard has-post-thumbnail hentry category-uncategorized\" role=\"listitem\">\n\t\t\t\t<a class=\"elementor-post__thumbnail__link\" href=\"https:\/\/fondationhopitalsaint-jerome.org\/en\/joining-forces-for-the-health-of-laurentians\/\" tabindex=\"-1\" >\n\t\t\t<div class=\"elementor-post__thumbnail\"><img loading=\"lazy\" decoding=\"async\" width=\"1500\" height=\"1001\" src=\"https:\/\/fondationhopitalsaint-jerome.org\/wp-content\/uploads\/2021\/07\/IRM2.jpg\" class=\"attachment-full size-full wp-image-4230\" alt=\"\" srcset=\"https:\/\/fondationhopitalsaint-jerome.org\/wp-content\/uploads\/2021\/07\/IRM2.jpg 1500w, https:\/\/fondationhopitalsaint-jerome.org\/wp-content\/uploads\/2021\/07\/IRM2-300x200.jpg 300w, https:\/\/fondationhopitalsaint-jerome.org\/wp-content\/uploads\/2021\/07\/IRM2-1024x683.jpg 1024w, https:\/\/fondationhopitalsaint-jerome.org\/wp-content\/uploads\/2021\/07\/IRM2-768x513.jpg 768w\" sizes=\"(max-width: 1500px) 100vw, 1500px\" \/><\/div>\n\t\t<\/a>\n\t\t\t\t<div class=\"elementor-post__text\">\n\t\t\t\t<h3 class=\"elementor-post__title\">\n\t\t\t<a href=\"https:\/\/fondationhopitalsaint-jerome.org\/en\/joining-forces-for-the-health-of-laurentians\/\" >\n\t\t\t\tJoining forces for the health of Laurentians\t\t\t<\/a>\n\t\t<\/h3>\n\t\t\t\t<div class=\"elementor-post__excerpt\">\n\t\t\t<p>Saint-J\u00e9r\u00f4me, July 13, 2021 &#8211; Thanks to a $ 1.5M donation from the Saint-J\u00e9r\u00f4me Regional Hospital Foundation, the Laurentians will benefit from an additional magnetic resonance imaging (MRI) room. It<\/p>\n\t\t<\/div>\n\t\t\n\t\t<a class=\"elementor-post__read-more\" href=\"https:\/\/fondationhopitalsaint-jerome.org\/en\/joining-forces-for-the-health-of-laurentians\/\" aria-label=\"Read more about Joining forces for the health of Laurentians\" tabindex=\"-1\" >\n\t\t\tRead more\t\t<\/a>\n\n\t\t\t\t<\/div>\n\t\t\t\t<\/article>\n\t\t\t\t<article class=\"elementor-post elementor-grid-item post-4423 post type-post status-publish format-standard has-post-thumbnail hentry category-uncategorized\" role=\"listitem\">\n\t\t\t\t<a class=\"elementor-post__thumbnail__link\" href=\"https:\/\/fondationhopitalsaint-jerome.org\/en\/there-is-no-age-to-help-your-community\/\" tabindex=\"-1\" >\n\t\t\t<div class=\"elementor-post__thumbnail\"><img loading=\"lazy\" decoding=\"async\" width=\"1500\" height=\"475\" src=\"https:\/\/fondationhopitalsaint-jerome.org\/wp-content\/uploads\/2021\/06\/Photo-recrop4.jpg\" class=\"attachment-full size-full wp-image-4133\" alt=\"\" srcset=\"https:\/\/fondationhopitalsaint-jerome.org\/wp-content\/uploads\/2021\/06\/Photo-recrop4.jpg 1500w, https:\/\/fondationhopitalsaint-jerome.org\/wp-content\/uploads\/2021\/06\/Photo-recrop4-300x95.jpg 300w, https:\/\/fondationhopitalsaint-jerome.org\/wp-content\/uploads\/2021\/06\/Photo-recrop4-1024x324.jpg 1024w, https:\/\/fondationhopitalsaint-jerome.org\/wp-content\/uploads\/2021\/06\/Photo-recrop4-768x243.jpg 768w\" sizes=\"(max-width: 1500px) 100vw, 1500px\" \/><\/div>\n\t\t<\/a>\n\t\t\t\t<div class=\"elementor-post__text\">\n\t\t\t\t<h3 class=\"elementor-post__title\">\n\t\t\t<a href=\"https:\/\/fondationhopitalsaint-jerome.org\/en\/there-is-no-age-to-help-your-community\/\" >\n\t\t\t\tThere is no age to help your community\t\t\t<\/a>\n\t\t<\/h3>\n\t\t\t\t<div class=\"elementor-post__excerpt\">\n\t\t\t<p>The Foundation would like to thank B\u00e9atrice, Rosalie, Zo\u00e9, Emma, \u200b\u200bAm\u00e9lie and Ma\u00efka, all 8 and 9 years old, for showing us beyond any doubt that there is no age<\/p>\n\t\t<\/div>\n\t\t\n\t\t<a class=\"elementor-post__read-more\" href=\"https:\/\/fondationhopitalsaint-jerome.org\/en\/there-is-no-age-to-help-your-community\/\" aria-label=\"Read more about There is no age to help your community\" tabindex=\"-1\" >\n\t\t\tRead more\t\t<\/a>\n\n\t\t\t\t<\/div>\n\t\t\t\t<\/article>\n\t\t\t\t<article class=\"elementor-post elementor-grid-item post-3810 post type-post status-publish format-standard has-post-thumbnail hentry category-uncategorized\" role=\"listitem\">\n\t\t\t\t<a class=\"elementor-post__thumbnail__link\" href=\"https:\/\/fondationhopitalsaint-jerome.org\/en\/our-online-store-reopens-its-doors-for-mothers-day-copy\/\" tabindex=\"-1\" >\n\t\t\t<div class=\"elementor-post__thumbnail\"><img loading=\"lazy\" decoding=\"async\" width=\"1200\" height=\"628\" src=\"https:\/\/fondationhopitalsaint-jerome.org\/wp-content\/uploads\/2021\/05\/entete.png\" class=\"attachment-full size-full wp-image-3808\" alt=\"\" srcset=\"https:\/\/fondationhopitalsaint-jerome.org\/wp-content\/uploads\/2021\/05\/entete.png 1200w, https:\/\/fondationhopitalsaint-jerome.org\/wp-content\/uploads\/2021\/05\/entete-300x157.png 300w, https:\/\/fondationhopitalsaint-jerome.org\/wp-content\/uploads\/2021\/05\/entete-1024x536.png 1024w, https:\/\/fondationhopitalsaint-jerome.org\/wp-content\/uploads\/2021\/05\/entete-768x402.png 768w\" sizes=\"(max-width: 1200px) 100vw, 1200px\" \/><\/div>\n\t\t<\/a>\n\t\t\t\t<div class=\"elementor-post__text\">\n\t\t\t\t<h3 class=\"elementor-post__title\">\n\t\t\t<a href=\"https:\/\/fondationhopitalsaint-jerome.org\/en\/our-online-store-reopens-its-doors-for-mothers-day-copy\/\" >\n\t\t\t\tYou are invited to the annual general meeting of the Saint-J\u00e9r\u00f4me Regional Hospital Foundation\t\t\t<\/a>\n\t\t<\/h3>\n\t\t\t\t<div class=\"elementor-post__excerpt\">\n\t\t\t<p>&nbsp; Dear members, You are cordially invited to the annual general meeting of the Saint-J\u00e9r\u00f4me Regional Hospital Foundation. This year, due to the particular context, the AGM will be held<\/p>\n\t\t<\/div>\n\t\t\n\t\t<a class=\"elementor-post__read-more\" href=\"https:\/\/fondationhopitalsaint-jerome.org\/en\/our-online-store-reopens-its-doors-for-mothers-day-copy\/\" aria-label=\"Read more about You are invited to the annual general meeting of the Saint-J\u00e9r\u00f4me Regional Hospital Foundation\" tabindex=\"-1\" >\n\t\t\tRead more\t\t<\/a>\n\n\t\t\t\t<\/div>\n\t\t\t\t<\/article>\n\t\t\t\t<\/div>\n\t\t\n\t\t\t\t<div class=\"e-load-more-anchor\" data-page=\"1\" data-max-page=\"5\" data-next-page=\"https:\/\/fondationhopitalsaint-jerome.org\/en\/wp-json\/wp\/v2\/pages\/2024\/page\/2\/\"><\/div>\n\t\t\t\t<nav class=\"elementor-pagination\" aria-label=\"Pagination\">\n\t\t\t<span class=\"page-numbers prev\"><i class=\"fas fa-chevron-left\"><\/i><\/span>\n<span aria-current=\"page\" class=\"page-numbers current\"><span class=\"elementor-screen-only\">Page<\/span>1<\/span>\n<a class=\"page-numbers\" href=\"https:\/\/fondationhopitalsaint-jerome.org\/en\/wp-json\/wp\/v2\/pages\/2024\/page\/2\/\"><span class=\"elementor-screen-only\">Page<\/span>2<\/a>\n<a class=\"page-numbers\" href=\"https:\/\/fondationhopitalsaint-jerome.org\/en\/wp-json\/wp\/v2\/pages\/2024\/page\/3\/\"><span class=\"elementor-screen-only\">Page<\/span>3<\/a>\n<a class=\"page-numbers\" href=\"https:\/\/fondationhopitalsaint-jerome.org\/en\/wp-json\/wp\/v2\/pages\/2024\/page\/4\/\"><span class=\"elementor-screen-only\">Page<\/span>4<\/a>\n<a class=\"page-numbers\" href=\"https:\/\/fondationhopitalsaint-jerome.org\/en\/wp-json\/wp\/v2\/pages\/2024\/page\/5\/\"><span class=\"elementor-screen-only\">Page<\/span>5<\/a>\n<a class=\"page-numbers next\" href=\"https:\/\/fondationhopitalsaint-jerome.org\/en\/wp-json\/wp\/v2\/pages\/2024\/page\/2\/\"><i class=\"fas fa-chevron-right\"><\/i><\/a>\t\t<\/nav>\n\t\t\t\t\t\t<\/div>\n\t\t\t\t<\/div>\n\t\t\t\t\t<\/div>\n\t\t<\/div>\n\t\t\t\t\t<\/div>\n\t\t<\/section>\n\t\t\t\t<\/div>\n\t\t","protected":false},"excerpt":{"rendered":"<p>News<\/p>\n","protected":false},"author":1,"featured_media":0,"parent":0,"menu_order":0,"comment_status":"closed","ping_status":"closed","template":"","meta":{"_acf_changed":false,"inline_featured_image":false,"footnotes":""},"class_list":["post-2024","page","type-page","status-publish","hentry"],"acf":[],"_links":{"self":[{"href":"https:\/\/fondationhopitalsaint-jerome.org\/en\/wp-json\/wp\/v2\/pages\/2024","targetHints":{"allow":["GET"]}}],"collection":[{"href":"https:\/\/fondationhopitalsaint-jerome.org\/en\/wp-json\/wp\/v2\/pages"}],"about":[{"href":"https:\/\/fondationhopitalsaint-jerome.org\/en\/wp-json\/wp\/v2\/types\/page"}],"author":[{"embeddable":true,"href":"https:\/\/fondationhopitalsaint-jerome.org\/en\/wp-json\/wp\/v2\/users\/1"}],"replies":[{"embeddable":true,"href":"https:\/\/fondationhopitalsaint-jerome.org\/en\/wp-json\/wp\/v2\/comments?post=2024"}],"version-history":[{"count":0,"href":"https:\/\/fondationhopitalsaint-jerome.org\/en\/wp-json\/wp\/v2\/pages\/2024\/revisions"}],"wp:attachment":[{"href":"https:\/\/fondationhopitalsaint-jerome.org\/en\/wp-json\/wp\/v2\/media?parent=2024"}],"curies":[{"name":"wp","href":"https:\/\/api.w.org\/{rel}","templated":true}]}}