{"id":2010,"date":"2020-11-04T14:23:09","date_gmt":"2020-11-04T19:23:09","guid":{"rendered":"https:\/\/fondationhopitalsaint-jerome.org\/loterie-des-employes\/"},"modified":"2021-10-05T11:11:03","modified_gmt":"2021-10-05T15:11:03","slug":"employee-lottery","status":"publish","type":"page","link":"https:\/\/fondationhopitalsaint-jerome.org\/en\/employee-lottery\/","title":{"rendered":"Employee Lottery"},"content":{"rendered":"\t\t<div data-elementor-type=\"wp-page\" data-elementor-id=\"2010\" class=\"elementor elementor-2010 elementor-1653\" data-elementor-post-type=\"page\">\n\t\t\t\t\t\t<section class=\"elementor-section elementor-top-section elementor-element elementor-element-6ec5a0c elementor-section-height-min-height elementor-section-boxed elementor-section-height-default elementor-section-items-middle\" data-id=\"6ec5a0c\" data-element_type=\"section\" data-e-type=\"section\" data-settings=\"{&quot;background_background&quot;:&quot;classic&quot;}\">\n\t\t\t\t\t\t<div class=\"elementor-container elementor-column-gap-default\">\n\t\t\t\t\t<div class=\"elementor-column elementor-col-100 elementor-top-column elementor-element elementor-element-8231f74\" data-id=\"8231f74\" data-element_type=\"column\" data-e-type=\"column\">\n\t\t\t<div class=\"elementor-widget-wrap elementor-element-populated\">\n\t\t\t\t\t\t<div class=\"elementor-element elementor-element-d51b7e7 elementor-widget elementor-widget-heading\" data-id=\"d51b7e7\" data-element_type=\"widget\" data-e-type=\"widget\" data-widget_type=\"heading.default\">\n\t\t\t\t<div class=\"elementor-widget-container\">\n\t\t\t\t\t<h1 class=\"elementor-heading-title elementor-size-default\">Employee Lottery<\/h1>\t\t\t\t<\/div>\n\t\t\t\t<\/div>\n\t\t\t\t\t<\/div>\n\t\t<\/div>\n\t\t\t\t\t<\/div>\n\t\t<\/section>\n\t\t\t\t<section class=\"elementor-section elementor-top-section elementor-element elementor-element-5d24e7e elementor-section-boxed elementor-section-height-default elementor-section-height-default\" data-id=\"5d24e7e\" data-element_type=\"section\" data-e-type=\"section\">\n\t\t\t\t\t\t<div class=\"elementor-container elementor-column-gap-default\">\n\t\t\t\t\t<div class=\"elementor-column elementor-col-50 elementor-top-column elementor-element elementor-element-7555488\" data-id=\"7555488\" data-element_type=\"column\" data-e-type=\"column\">\n\t\t\t<div class=\"elementor-widget-wrap elementor-element-populated\">\n\t\t\t\t\t\t<div class=\"elementor-element elementor-element-7ea4c8b elementor-widget elementor-widget-spacer\" data-id=\"7ea4c8b\" data-element_type=\"widget\" data-e-type=\"widget\" data-widget_type=\"spacer.default\">\n\t\t\t\t<div class=\"elementor-widget-container\">\n\t\t\t\t\t\t\t<div class=\"elementor-spacer\">\n\t\t\t<div class=\"elementor-spacer-inner\"><\/div>\n\t\t<\/div>\n\t\t\t\t\t\t<\/div>\n\t\t\t\t<\/div>\n\t\t\t\t<div class=\"elementor-element elementor-element-1be6057 elementor-widget elementor-widget-heading\" data-id=\"1be6057\" data-element_type=\"widget\" data-e-type=\"widget\" data-widget_type=\"heading.default\">\n\t\t\t\t<div class=\"elementor-widget-container\">\n\t\t\t\t\t<h2 class=\"elementor-heading-title elementor-size-medium\">Weekly Draws 2020-2021 | 14th Edition\n<br>RACJ 430971-1<\/h2>\t\t\t\t<\/div>\n\t\t\t\t<\/div>\n\t\t\t\t<div class=\"elementor-element elementor-element-9d7ad70 elementor-widget elementor-widget-text-editor\" data-id=\"9d7ad70\" data-element_type=\"widget\" data-e-type=\"widget\" data-widget_type=\"text-editor.default\">\n\t\t\t\t<div class=\"elementor-widget-container\">\n\t\t\t\t\t\t\t\t\t<p><strong>2 travel credits of $4,000 from <a href=\"https:\/\/www.clubvoyages.com\/agences-de-voyages\/st-jerome\/17-rue-de-la-gare-42438\">Club Voyages Jaro<\/a>, 3 special prizes of $3,000 and 46 prizes of $500 to be won!<br \/><\/strong>Reserved for employees of the CISSS des Laurentides, OptiLab Saint-J\u00e9r\u00f4me and DRILLL Saint-J\u00e9r\u00f4me.<\/p><p style=\"text-align: left;\"><b>2020-2021 : SOLD OUT<\/b><\/p>\t\t\t\t\t\t\t\t<\/div>\n\t\t\t\t<\/div>\n\t\t\t\t<div class=\"elementor-element elementor-element-ebef80f elementor-widget elementor-widget-text-editor\" data-id=\"ebef80f\" data-element_type=\"widget\" data-e-type=\"widget\" data-widget_type=\"text-editor.default\">\n\t\t\t\t<div class=\"elementor-widget-container\">\n\t\t\t\t\t\t\t\t\t<h2 class=\"elementor-heading-title elementor-size-default elementor-inline-editing pen\" style=\"font-weight: var( --e-global-typography-primary-font-weight ); color: #d71921; text-align: center;\" data-elementor-setting-key=\"title\" data-pen-placeholder=\"Type Here...\">Information and Rules<\/h2>\t\t\t\t\t\t\t\t<\/div>\n\t\t\t\t<\/div>\n\t\t\t\t<div class=\"elementor-element elementor-element-157da94 elementor-widget elementor-widget-text-editor\" data-id=\"157da94\" data-element_type=\"widget\" data-e-type=\"widget\" data-widget_type=\"text-editor.default\">\n\t\t\t\t<div class=\"elementor-widget-container\">\n\t\t\t\t\t\t\t\t\t<p>In 2019-2020, employee participation in our draw raised $87,000 to finance the purchase of a breast biopsy machine. The profits from this edition will be used to finance the acquisition of 2 colonoscopes and 1 gastroscope. Thank you to all participants!<\/p><p>Please review the\u00a0<a href=\"https:\/\/fondationhopitalsaint-jerome.org\/wp-content\/uploads\/2020\/10\/R%C3%A8glements-du-tirage-2020-2021.pdf\">rules for the 2020-2021 draw<\/a>.<\/p><p>To view the list of last year&#8217;s winners,\u00a0<a href=\"https:\/\/fondationhopitalsaint-jerome.org\/wp-content\/uploads\/2020\/11\/Liste-des-gagnants-2019-2020.pdf\">click here<\/a>. To find out the name of the winner live, subscribe to our page on\u00a0<a href=\"https:\/\/www.facebook.com\/fondationhopitalsaintjerome\/\">Facebook<\/a>.<\/p>\t\t\t\t\t\t\t\t<\/div>\n\t\t\t\t<\/div>\n\t\t\t\t\t<\/div>\n\t\t<\/div>\n\t\t\t\t<div class=\"elementor-column elementor-col-50 elementor-top-column elementor-element elementor-element-e0ff533\" data-id=\"e0ff533\" data-element_type=\"column\" data-e-type=\"column\">\n\t\t\t<div class=\"elementor-widget-wrap elementor-element-populated\">\n\t\t\t\t\t\t<div class=\"elementor-element elementor-element-cc9963b elementor-widget elementor-widget-spacer\" data-id=\"cc9963b\" data-element_type=\"widget\" data-e-type=\"widget\" data-widget_type=\"spacer.default\">\n\t\t\t\t<div class=\"elementor-widget-container\">\n\t\t\t\t\t\t\t<div class=\"elementor-spacer\">\n\t\t\t<div class=\"elementor-spacer-inner\"><\/div>\n\t\t<\/div>\n\t\t\t\t\t\t<\/div>\n\t\t\t\t<\/div>\n\t\t\t\t<div class=\"elementor-element elementor-element-c1177dd elementor-widget elementor-widget-image\" data-id=\"c1177dd\" data-element_type=\"widget\" data-e-type=\"widget\" data-widget_type=\"image.default\">\n\t\t\t\t<div class=\"elementor-widget-container\">\n\t\t\t\t\t\t\t\t\t\t\t\t\t\t\t<img fetchpriority=\"high\" decoding=\"async\" width=\"747\" height=\"1024\" src=\"https:\/\/fondationhopitalsaint-jerome.org\/wp-content\/uploads\/2020\/11\/Nancy-Pag\u00e9-voyage-2-2-747x1024.jpg\" class=\"attachment-large size-large wp-image-1945\" alt=\"\" srcset=\"https:\/\/fondationhopitalsaint-jerome.org\/wp-content\/uploads\/2020\/11\/Nancy-Pag\u00e9-voyage-2-2-747x1024.jpg 747w, https:\/\/fondationhopitalsaint-jerome.org\/wp-content\/uploads\/2020\/11\/Nancy-Pag\u00e9-voyage-2-2-219x300.jpg 219w, https:\/\/fondationhopitalsaint-jerome.org\/wp-content\/uploads\/2020\/11\/Nancy-Pag\u00e9-voyage-2-2-768x1052.jpg 768w, https:\/\/fondationhopitalsaint-jerome.org\/wp-content\/uploads\/2020\/11\/Nancy-Pag\u00e9-voyage-2-2-1121x1536.jpg 1121w, https:\/\/fondationhopitalsaint-jerome.org\/wp-content\/uploads\/2020\/11\/Nancy-Pag\u00e9-voyage-2-2-1495x2048.jpg 1495w, https:\/\/fondationhopitalsaint-jerome.org\/wp-content\/uploads\/2020\/11\/Nancy-Pag\u00e9-voyage-2-2-scaled.jpg 1869w\" sizes=\"(max-width: 747px) 100vw, 747px\" \/>\t\t\t\t\t\t\t\t\t\t\t\t\t\t\t<\/div>\n\t\t\t\t<\/div>\n\t\t\t\t<div class=\"elementor-element elementor-element-7cfbd3a elementor-widget elementor-widget-text-editor\" data-id=\"7cfbd3a\" data-element_type=\"widget\" data-e-type=\"widget\" data-widget_type=\"text-editor.default\">\n\t\t\t\t<div class=\"elementor-widget-container\">\n\t\t\t\t\t\t\t\t\t<p><em>Nancy Pag\u00e9,\u00a0infirmi\u00e8re auxiliaire, urgence, H\u00f4pital r\u00e9gional de Saint-J\u00e9r\u00f4me.<\/em><\/p><p><em>La gagnante du cr\u00e9dit-voyage de 4000 $, septembre 2020.<\/em><\/p>\t\t\t\t\t\t\t\t<\/div>\n\t\t\t\t<\/div>\n\t\t\t\t\t<\/div>\n\t\t<\/div>\n\t\t\t\t\t<\/div>\n\t\t<\/section>\n\t\t\t\t<section class=\"elementor-section elementor-top-section elementor-element elementor-element-a49bc0c elementor-section-boxed elementor-section-height-default elementor-section-height-default\" data-id=\"a49bc0c\" data-element_type=\"section\" data-e-type=\"section\">\n\t\t\t\t\t\t<div class=\"elementor-container elementor-column-gap-default\">\n\t\t\t\t\t<div class=\"elementor-column elementor-col-100 elementor-top-column elementor-element elementor-element-6f0c85f\" data-id=\"6f0c85f\" data-element_type=\"column\" data-e-type=\"column\">\n\t\t\t<div class=\"elementor-widget-wrap elementor-element-populated\">\n\t\t\t\t\t\t<div class=\"elementor-element elementor-element-c2089b5 elementor-widget elementor-widget-heading\" data-id=\"c2089b5\" data-element_type=\"widget\" data-e-type=\"widget\" data-widget_type=\"heading.default\">\n\t\t\t\t<div class=\"elementor-widget-container\">\n\t\t\t\t\t<h2 class=\"elementor-heading-title elementor-size-default\">Winners 2020-2021<\/h2>\t\t\t\t<\/div>\n\t\t\t\t<\/div>\n\t\t\t\t\t<\/div>\n\t\t<\/div>\n\t\t\t\t\t<\/div>\n\t\t<\/section>\n\t\t\t\t<\/div>\n\t\t","protected":false},"excerpt":{"rendered":"<p>Employee Lottery Weekly Draws 2020-2021 | 14th Edition RACJ 430971-1 2 travel credits of $4,000 from Club Voyages Jaro, 3 special prizes of $3,000 and 46 prizes of $500 to [&hellip;]<\/p>\n","protected":false},"author":1,"featured_media":0,"parent":0,"menu_order":0,"comment_status":"closed","ping_status":"closed","template":"","meta":{"_acf_changed":false,"inline_featured_image":false,"footnotes":""},"class_list":["post-2010","page","type-page","status-publish","hentry"],"acf":[],"_links":{"self":[{"href":"https:\/\/fondationhopitalsaint-jerome.org\/en\/wp-json\/wp\/v2\/pages\/2010","targetHints":{"allow":["GET"]}}],"collection":[{"href":"https:\/\/fondationhopitalsaint-jerome.org\/en\/wp-json\/wp\/v2\/pages"}],"about":[{"href":"https:\/\/fondationhopitalsaint-jerome.org\/en\/wp-json\/wp\/v2\/types\/page"}],"author":[{"embeddable":true,"href":"https:\/\/fondationhopitalsaint-jerome.org\/en\/wp-json\/wp\/v2\/users\/1"}],"replies":[{"embeddable":true,"href":"https:\/\/fondationhopitalsaint-jerome.org\/en\/wp-json\/wp\/v2\/comments?post=2010"}],"version-history":[{"count":0,"href":"https:\/\/fondationhopitalsaint-jerome.org\/en\/wp-json\/wp\/v2\/pages\/2010\/revisions"}],"wp:attachment":[{"href":"https:\/\/fondationhopitalsaint-jerome.org\/en\/wp-json\/wp\/v2\/media?parent=2010"}],"curies":[{"name":"wp","href":"https:\/\/api.w.org\/{rel}","templated":true}]}}