{"id":1993,"date":"2020-05-19T11:26:56","date_gmt":"2020-05-19T15:26:56","guid":{"rendered":"https:\/\/fondationhopitalsaint-jerome.org\/evenements\/"},"modified":"2020-12-08T23:46:46","modified_gmt":"2020-12-09T04:46:46","slug":"events","status":"publish","type":"page","link":"https:\/\/fondationhopitalsaint-jerome.org\/en\/events\/","title":{"rendered":"Events"},"content":{"rendered":"\t\t<div data-elementor-type=\"wp-page\" data-elementor-id=\"1993\" class=\"elementor elementor-1993 elementor-431\" data-elementor-post-type=\"page\">\n\t\t\t\t\t\t<section class=\"elementor-section elementor-top-section elementor-element elementor-element-ef83001 elementor-section-boxed elementor-section-height-default elementor-section-height-default\" data-id=\"ef83001\" data-element_type=\"section\" data-e-type=\"section\" data-settings=\"{&quot;background_background&quot;:&quot;classic&quot;}\">\n\t\t\t\t\t\t<div class=\"elementor-container elementor-column-gap-default\">\n\t\t\t\t\t<div class=\"elementor-column elementor-col-100 elementor-top-column elementor-element elementor-element-fa55ab6\" data-id=\"fa55ab6\" data-element_type=\"column\" data-e-type=\"column\">\n\t\t\t<div class=\"elementor-widget-wrap elementor-element-populated\">\n\t\t\t\t\t\t<div class=\"elementor-element elementor-element-682e638 elementor-widget elementor-widget-heading\" data-id=\"682e638\" data-element_type=\"widget\" data-e-type=\"widget\" data-widget_type=\"heading.default\">\n\t\t\t\t<div class=\"elementor-widget-container\">\n\t\t\t\t\t<h1 class=\"elementor-heading-title elementor-size-default\">Upcoming Events<\/h1>\t\t\t\t<\/div>\n\t\t\t\t<\/div>\n\t\t\t\t<section class=\"elementor-section elementor-inner-section elementor-element elementor-element-d2fb2a7 elementor-section-boxed elementor-section-height-default elementor-section-height-default\" data-id=\"d2fb2a7\" data-element_type=\"section\" data-e-type=\"section\">\n\t\t\t\t\t\t<div class=\"elementor-container elementor-column-gap-default\">\n\t\t\t\t\t<div class=\"elementor-column elementor-col-100 elementor-inner-column elementor-element elementor-element-5925b3e\" data-id=\"5925b3e\" data-element_type=\"column\" data-e-type=\"column\">\n\t\t\t<div class=\"elementor-widget-wrap elementor-element-populated\">\n\t\t\t\t\t\t<div class=\"elementor-element elementor-element-d138464 elementor-widget elementor-widget-text-editor\" data-id=\"d138464\" data-element_type=\"widget\" data-e-type=\"widget\" data-widget_type=\"text-editor.default\">\n\t\t\t\t<div class=\"elementor-widget-container\">\n\t\t\t\t\t\t\t\t\t<p>The Foundation organizes events throughout the year that bring the community together around a common goal: to improve the healthcare offered in our region. Here are the upcoming events not to be missed!<\/p>\t\t\t\t\t\t\t\t<\/div>\n\t\t\t\t<\/div>\n\t\t\t\t\t<\/div>\n\t\t<\/div>\n\t\t\t\t\t<\/div>\n\t\t<\/section>\n\t\t\t\t<div class=\"elementor-element elementor-element-4a3a073 elementor-grid-3 elementor-grid-tablet-2 elementor-grid-mobile-1 elementor-posts--thumbnail-top elementor-widget elementor-widget-posts\" data-id=\"4a3a073\" data-element_type=\"widget\" data-e-type=\"widget\" data-settings=\"{&quot;classic_row_gap&quot;:{&quot;unit&quot;:&quot;px&quot;,&quot;size&quot;:40,&quot;sizes&quot;:[]},&quot;classic_columns&quot;:&quot;3&quot;,&quot;classic_columns_tablet&quot;:&quot;2&quot;,&quot;classic_columns_mobile&quot;:&quot;1&quot;,&quot;classic_row_gap_tablet&quot;:{&quot;unit&quot;:&quot;px&quot;,&quot;size&quot;:&quot;&quot;,&quot;sizes&quot;:[]},&quot;classic_row_gap_mobile&quot;:{&quot;unit&quot;:&quot;px&quot;,&quot;size&quot;:&quot;&quot;,&quot;sizes&quot;:[]}}\" data-widget_type=\"posts.classic\">\n\t\t\t\t<div class=\"elementor-widget-container\">\n\t\t\t\t\t\t\t<div class=\"elementor-posts-container elementor-posts elementor-posts--skin-classic elementor-grid\" role=\"list\">\n\t\t\t\t<article class=\"elementor-post elementor-grid-item post-11531 tribe_events type-tribe_events status-publish has-post-thumbnail hentry\" role=\"listitem\">\n\t\t\t\t<a class=\"elementor-post__thumbnail__link\" href=\"https:\/\/fondationhopitalsaint-jerome.org\/en\/event\/velo-a-notre-sante-25th-edition\/\" tabindex=\"-1\" >\n\t\t\t<div class=\"elementor-post__thumbnail\"><img fetchpriority=\"high\" decoding=\"async\" width=\"1500\" height=\"864\" src=\"https:\/\/fondationhopitalsaint-jerome.org\/wp-content\/uploads\/2024\/07\/ANB_1667_redimensionner.jpg\" class=\"attachment-full size-full wp-image-11452\" alt=\"\" srcset=\"https:\/\/fondationhopitalsaint-jerome.org\/wp-content\/uploads\/2024\/07\/ANB_1667_redimensionner.jpg 1500w, https:\/\/fondationhopitalsaint-jerome.org\/wp-content\/uploads\/2024\/07\/ANB_1667_redimensionner-300x173.jpg 300w, https:\/\/fondationhopitalsaint-jerome.org\/wp-content\/uploads\/2024\/07\/ANB_1667_redimensionner-1024x590.jpg 1024w, https:\/\/fondationhopitalsaint-jerome.org\/wp-content\/uploads\/2024\/07\/ANB_1667_redimensionner-768x442.jpg 768w\" sizes=\"(max-width: 1500px) 100vw, 1500px\" \/><\/div>\n\t\t<\/a>\n\t\t\t\t<div class=\"elementor-post__text\">\n\t\t\t\t<h3 class=\"elementor-post__title\">\n\t\t\t<a href=\"https:\/\/fondationhopitalsaint-jerome.org\/en\/event\/velo-a-notre-sante-25th-edition\/\" >\n\t\t\t\tV\u00e9lo \u00e0 notre sant\u00e9 25th edition\t\t\t<\/a>\n\t\t<\/h3>\n\t\t\t\t<div class=\"elementor-post__excerpt\">\n\t\t\t<p>An Edition Not to Miss The Saint-J\u00e9r\u00f4me Regional Hospital Foundation warmly invites you to participate in the 25th edition of V\u00e9lo \u00e0 notre sant\u00e9 on September 8, 2024. This day<\/p>\n\t\t<\/div>\n\t\t\n\t\t<a class=\"elementor-post__read-more\" href=\"https:\/\/fondationhopitalsaint-jerome.org\/en\/event\/velo-a-notre-sante-25th-edition\/\" aria-label=\"Read more about V\u00e9lo \u00e0 notre sant\u00e9 25th edition\" tabindex=\"-1\" >\n\t\t\tRead more\t\t<\/a>\n\n\t\t\t\t<\/div>\n\t\t\t\t<\/article>\n\t\t\t\t<article class=\"elementor-post elementor-grid-item post-11292 tribe_events type-tribe_events status-publish has-post-thumbnail hentry\" role=\"listitem\">\n\t\t\t\t<a class=\"elementor-post__thumbnail__link\" href=\"https:\/\/fondationhopitalsaint-jerome.org\/en\/event\/11292\/\" tabindex=\"-1\" >\n\t\t\t<div class=\"elementor-post__thumbnail\"><img decoding=\"async\" width=\"1500\" height=\"1124\" src=\"https:\/\/fondationhopitalsaint-jerome.org\/wp-content\/uploads\/2024\/04\/photo-conference-de-presse.jpg\" class=\"attachment-full size-full wp-image-13541\" alt=\"\" srcset=\"https:\/\/fondationhopitalsaint-jerome.org\/wp-content\/uploads\/2024\/04\/photo-conference-de-presse.jpg 1500w, https:\/\/fondationhopitalsaint-jerome.org\/wp-content\/uploads\/2024\/04\/photo-conference-de-presse-300x225.jpg 300w, https:\/\/fondationhopitalsaint-jerome.org\/wp-content\/uploads\/2024\/04\/photo-conference-de-presse-1024x767.jpg 1024w, https:\/\/fondationhopitalsaint-jerome.org\/wp-content\/uploads\/2024\/04\/photo-conference-de-presse-768x575.jpg 768w\" sizes=\"(max-width: 1500px) 100vw, 1500px\" \/><\/div>\n\t\t<\/a>\n\t\t\t\t<div class=\"elementor-post__text\">\n\t\t\t\t<h3 class=\"elementor-post__title\">\n\t\t\t<a href=\"https:\/\/fondationhopitalsaint-jerome.org\/en\/event\/11292\/\" >\n\t\t\t\tClassique des Maires &#8211; 28th Edition\t\t\t<\/a>\n\t\t<\/h3>\n\t\t\t\t<div class=\"elementor-post__excerpt\">\n\t\t\t<p>Classique des Maires &#8211; 28th Edition This year, the 28th edition of the Mayors&#8217; Classic golf tournament will take place on Tuesday, September 17, 2024, at the prestigious Club de<\/p>\n\t\t<\/div>\n\t\t\n\t\t<a class=\"elementor-post__read-more\" href=\"https:\/\/fondationhopitalsaint-jerome.org\/en\/event\/11292\/\" aria-label=\"Read more about Classique des Maires &#8211; 28th Edition\" tabindex=\"-1\" >\n\t\t\tRead more\t\t<\/a>\n\n\t\t\t\t<\/div>\n\t\t\t\t<\/article>\n\t\t\t\t<\/div>\n\t\t\n\t\t\t\t\t\t<\/div>\n\t\t\t\t<\/div>\n\t\t\t\t\t<\/div>\n\t\t<\/div>\n\t\t\t\t\t<\/div>\n\t\t<\/section>\n\t\t\t\t<\/div>\n\t\t","protected":false},"excerpt":{"rendered":"<p>Upcoming Events The Foundation organizes events throughout the year that bring the community together around a common goal: to improve the healthcare offered in our region. Here are the upcoming [&hellip;]<\/p>\n","protected":false},"author":1,"featured_media":0,"parent":0,"menu_order":0,"comment_status":"closed","ping_status":"closed","template":"","meta":{"_acf_changed":false,"inline_featured_image":false,"footnotes":""},"class_list":["post-1993","page","type-page","status-publish","hentry"],"acf":[],"_links":{"self":[{"href":"https:\/\/fondationhopitalsaint-jerome.org\/en\/wp-json\/wp\/v2\/pages\/1993","targetHints":{"allow":["GET"]}}],"collection":[{"href":"https:\/\/fondationhopitalsaint-jerome.org\/en\/wp-json\/wp\/v2\/pages"}],"about":[{"href":"https:\/\/fondationhopitalsaint-jerome.org\/en\/wp-json\/wp\/v2\/types\/page"}],"author":[{"embeddable":true,"href":"https:\/\/fondationhopitalsaint-jerome.org\/en\/wp-json\/wp\/v2\/users\/1"}],"replies":[{"embeddable":true,"href":"https:\/\/fondationhopitalsaint-jerome.org\/en\/wp-json\/wp\/v2\/comments?post=1993"}],"version-history":[{"count":0,"href":"https:\/\/fondationhopitalsaint-jerome.org\/en\/wp-json\/wp\/v2\/pages\/1993\/revisions"}],"wp:attachment":[{"href":"https:\/\/fondationhopitalsaint-jerome.org\/en\/wp-json\/wp\/v2\/media?parent=1993"}],"curies":[{"name":"wp","href":"https:\/\/api.w.org\/{rel}","templated":true}]}}