{"id":1984,"date":"2020-05-19T09:39:42","date_gmt":"2020-05-19T13:39:42","guid":{"rendered":"https:\/\/fondationhopitalsaint-jerome.org\/?page_id=1984"},"modified":"2020-12-22T09:39:53","modified_gmt":"2020-12-22T14:39:53","slug":"wall-of-recognition","status":"publish","type":"page","link":"https:\/\/fondationhopitalsaint-jerome.org\/en\/lifelong-donors\/wall-of-recognition\/","title":{"rendered":"Wall of Recognition"},"content":{"rendered":"\t\t<div data-elementor-type=\"wp-page\" data-elementor-id=\"1984\" class=\"elementor elementor-1984\" data-elementor-post-type=\"page\">\n\t\t\t\t\t\t<section class=\"elementor-section elementor-top-section elementor-element elementor-element-9478fd7 elementor-section-height-min-height elementor-section-boxed elementor-section-height-default elementor-section-items-middle\" data-id=\"9478fd7\" data-element_type=\"section\" data-e-type=\"section\" data-settings=\"{&quot;background_background&quot;:&quot;classic&quot;}\">\n\t\t\t\t\t\t\t<div class=\"elementor-background-overlay\"><\/div>\n\t\t\t\t\t\t\t<div class=\"elementor-container elementor-column-gap-default\">\n\t\t\t\t\t<div class=\"elementor-column elementor-col-100 elementor-top-column elementor-element elementor-element-76c6e50\" data-id=\"76c6e50\" data-element_type=\"column\" data-e-type=\"column\">\n\t\t\t<div class=\"elementor-widget-wrap elementor-element-populated\">\n\t\t\t\t\t\t<div class=\"elementor-element elementor-element-4490814 elementor-widget elementor-widget-heading\" data-id=\"4490814\" data-element_type=\"widget\" data-e-type=\"widget\" data-widget_type=\"heading.default\">\n\t\t\t\t<div class=\"elementor-widget-container\">\n\t\t\t\t\t<h1 class=\"elementor-heading-title elementor-size-default\">Wall of Recognition<\/h1>\t\t\t\t<\/div>\n\t\t\t\t<\/div>\n\t\t\t\t\t<\/div>\n\t\t<\/div>\n\t\t\t\t\t<\/div>\n\t\t<\/section>\n\t\t\t\t<section class=\"elementor-section elementor-top-section elementor-element elementor-element-b978e5d elementor-section-boxed elementor-section-height-default elementor-section-height-default\" data-id=\"b978e5d\" data-element_type=\"section\" data-e-type=\"section\" id=\"philanthrope-visionnaire\" data-settings=\"{&quot;background_background&quot;:&quot;classic&quot;}\">\n\t\t\t\t\t\t<div class=\"elementor-container elementor-column-gap-default\">\n\t\t\t\t\t<div class=\"elementor-column elementor-col-100 elementor-top-column elementor-element elementor-element-b6d6484\" data-id=\"b6d6484\" data-element_type=\"column\" data-e-type=\"column\">\n\t\t\t<div class=\"elementor-widget-wrap elementor-element-populated\">\n\t\t\t\t\t\t<div class=\"elementor-element elementor-element-247e825 elementor-widget elementor-widget-heading\" data-id=\"247e825\" data-element_type=\"widget\" data-e-type=\"widget\" data-widget_type=\"heading.default\">\n\t\t\t\t<div class=\"elementor-widget-container\">\n\t\t\t\t\t<h2 class=\"elementor-heading-title elementor-size-default\">Donor Category $1,100,000  and more<\/h2>\t\t\t\t<\/div>\n\t\t\t\t<\/div>\n\t\t\t\t<section class=\"elementor-section elementor-inner-section elementor-element elementor-element-a8da847 elementor-section-boxed elementor-section-height-default elementor-section-height-default\" data-id=\"a8da847\" data-element_type=\"section\" data-e-type=\"section\">\n\t\t\t\t\t\t<div class=\"elementor-container elementor-column-gap-default\">\n\t\t\t\t\t<div class=\"elementor-column elementor-col-100 elementor-inner-column elementor-element elementor-element-0b46e90\" data-id=\"0b46e90\" data-element_type=\"column\" data-e-type=\"column\">\n\t\t\t<div class=\"elementor-widget-wrap elementor-element-populated\">\n\t\t\t\t\t\t<div class=\"elementor-element elementor-element-a104220 elementor-widget elementor-widget-text-editor\" data-id=\"a104220\" data-element_type=\"widget\" data-e-type=\"widget\" data-widget_type=\"text-editor.default\">\n\t\t\t\t<div class=\"elementor-widget-container\">\n\t\t\t\t\t\t\t\t\t<p>The doctors of the Saint-J\u00e9r\u00f4me Regional Hospital<\/p>\t\t\t\t\t\t\t\t<\/div>\n\t\t\t\t<\/div>\n\t\t\t\t\t<\/div>\n\t\t<\/div>\n\t\t\t\t\t<\/div>\n\t\t<\/section>\n\t\t\t\t\t<\/div>\n\t\t<\/div>\n\t\t\t\t\t<\/div>\n\t\t<\/section>\n\t\t\t\t<section class=\"elementor-section elementor-top-section elementor-element elementor-element-7947d0f elementor-section-boxed elementor-section-height-default elementor-section-height-default\" data-id=\"7947d0f\" data-element_type=\"section\" data-e-type=\"section\" id=\"philanthrope-exceptionnel\" data-settings=\"{&quot;background_background&quot;:&quot;classic&quot;}\">\n\t\t\t\t\t\t<div class=\"elementor-container elementor-column-gap-default\">\n\t\t\t\t\t<div class=\"elementor-column elementor-col-100 elementor-top-column elementor-element elementor-element-a243f53\" data-id=\"a243f53\" data-element_type=\"column\" data-e-type=\"column\">\n\t\t\t<div class=\"elementor-widget-wrap elementor-element-populated\">\n\t\t\t\t\t\t<div class=\"elementor-element elementor-element-c71edc3 elementor-widget elementor-widget-heading\" data-id=\"c71edc3\" data-element_type=\"widget\" data-e-type=\"widget\" data-widget_type=\"heading.default\">\n\t\t\t\t<div class=\"elementor-widget-container\">\n\t\t\t\t\t<h2 class=\"elementor-heading-title elementor-size-default\">Donor Category $500,000 - $999,999<\/h2>\t\t\t\t<\/div>\n\t\t\t\t<\/div>\n\t\t\t\t<section class=\"elementor-section elementor-inner-section elementor-element elementor-element-399464b elementor-section-boxed elementor-section-height-default elementor-section-height-default\" data-id=\"399464b\" data-element_type=\"section\" data-e-type=\"section\">\n\t\t\t\t\t\t<div class=\"elementor-container elementor-column-gap-default\">\n\t\t\t\t\t<div class=\"elementor-column elementor-col-100 elementor-inner-column elementor-element elementor-element-b854928\" data-id=\"b854928\" data-element_type=\"column\" data-e-type=\"column\">\n\t\t\t<div class=\"elementor-widget-wrap elementor-element-populated\">\n\t\t\t\t\t\t<div class=\"elementor-element elementor-element-abef705 elementor-widget elementor-widget-text-editor\" data-id=\"abef705\" data-element_type=\"widget\" data-e-type=\"widget\" data-widget_type=\"text-editor.default\">\n\t\t\t\t<div class=\"elementor-widget-container\">\n\t\t\t\t\t\t\t\t\t<p>National Bank of Canada and National Bank Financial<br \/>Mouvement Desjardins<\/p>\t\t\t\t\t\t\t\t<\/div>\n\t\t\t\t<\/div>\n\t\t\t\t\t<\/div>\n\t\t<\/div>\n\t\t\t\t\t<\/div>\n\t\t<\/section>\n\t\t\t\t\t<\/div>\n\t\t<\/div>\n\t\t\t\t\t<\/div>\n\t\t<\/section>\n\t\t\t\t<section class=\"elementor-section elementor-top-section elementor-element elementor-element-cb38447 elementor-section-boxed elementor-section-height-default elementor-section-height-default\" data-id=\"cb38447\" data-element_type=\"section\" data-e-type=\"section\" id=\"philanthrope-exemplaire\" data-settings=\"{&quot;background_background&quot;:&quot;classic&quot;}\">\n\t\t\t\t\t\t<div class=\"elementor-container elementor-column-gap-default\">\n\t\t\t\t\t<div class=\"elementor-column elementor-col-100 elementor-top-column elementor-element elementor-element-6ef9ccf\" data-id=\"6ef9ccf\" data-element_type=\"column\" data-e-type=\"column\">\n\t\t\t<div class=\"elementor-widget-wrap elementor-element-populated\">\n\t\t\t\t\t\t<div class=\"elementor-element elementor-element-ad11821 elementor-widget elementor-widget-heading\" data-id=\"ad11821\" data-element_type=\"widget\" data-e-type=\"widget\" data-widget_type=\"heading.default\">\n\t\t\t\t<div class=\"elementor-widget-container\">\n\t\t\t\t\t<h2 class=\"elementor-heading-title elementor-size-default\">Donor Category $200,000 - $499,999 <\/h2>\t\t\t\t<\/div>\n\t\t\t\t<\/div>\n\t\t\t\t<section class=\"elementor-section elementor-inner-section elementor-element elementor-element-7a144d7 elementor-section-boxed elementor-section-height-default elementor-section-height-default\" data-id=\"7a144d7\" data-element_type=\"section\" data-e-type=\"section\">\n\t\t\t\t\t\t<div class=\"elementor-container elementor-column-gap-default\">\n\t\t\t\t\t<div class=\"elementor-column elementor-col-33 elementor-inner-column elementor-element elementor-element-afea68f\" data-id=\"afea68f\" data-element_type=\"column\" data-e-type=\"column\">\n\t\t\t<div class=\"elementor-widget-wrap elementor-element-populated\">\n\t\t\t\t\t\t<div class=\"elementor-element elementor-element-0c6739b elementor-widget elementor-widget-text-editor\" data-id=\"0c6739b\" data-element_type=\"widget\" data-e-type=\"widget\" data-widget_type=\"text-editor.default\">\n\t\t\t\t<div class=\"elementor-widget-container\">\n\t\t\t\t\t\t\t\t\t<p>Association des B\u00e9n\u00e9voles de l\u2019H\u00f4pital r\u00e9gional de St-J\u00e9r\u00f4me<br \/>Bell Helicopter<br \/>Course de l\u2019Espoir Acad\u00e9mie Lafontaine<br \/>Fondation Allaire \u2013 Oram plomberie du b\u00e2timent<br \/>Fondation J. Armand Bombardier<br \/>Fondation Richelieu St-J\u00e9r\u00f4me<br \/>Fonds de bienfaisance des employ\u00e9s de Bombardier A\u00e9ronautique<\/p>\t\t\t\t\t\t\t\t<\/div>\n\t\t\t\t<\/div>\n\t\t\t\t\t<\/div>\n\t\t<\/div>\n\t\t\t\t<div class=\"elementor-column elementor-col-33 elementor-inner-column elementor-element elementor-element-e0977c8\" data-id=\"e0977c8\" data-element_type=\"column\" data-e-type=\"column\">\n\t\t\t<div class=\"elementor-widget-wrap\">\n\t\t\t\t\t\t\t<\/div>\n\t\t<\/div>\n\t\t\t\t<div class=\"elementor-column elementor-col-33 elementor-inner-column elementor-element elementor-element-e9f40ab\" data-id=\"e9f40ab\" data-element_type=\"column\" data-e-type=\"column\">\n\t\t\t<div class=\"elementor-widget-wrap elementor-element-populated\">\n\t\t\t\t\t\t<div class=\"elementor-element elementor-element-477ad8e elementor-widget elementor-widget-text-editor\" data-id=\"477ad8e\" data-element_type=\"widget\" data-e-type=\"widget\" data-widget_type=\"text-editor.default\">\n\t\t\t\t<div class=\"elementor-widget-container\">\n\t\t\t\t\t\t\t\t\t<p>Groupe Jean Coutu (PJC)<br \/>Hydro Qu\u00e9bec<br \/>Op\u00e9ration Enfant Soleil<br \/>Ouvroir de Saint-Sauveur<br \/>RBC Foundation \u2013 Donation program<br \/>Mcdonald\u2019s restaurants \u2013 Gigu\u00e8re Family<\/p>\t\t\t\t\t\t\t\t<\/div>\n\t\t\t\t<\/div>\n\t\t\t\t\t<\/div>\n\t\t<\/div>\n\t\t\t\t\t<\/div>\n\t\t<\/section>\n\t\t\t\t\t<\/div>\n\t\t<\/div>\n\t\t\t\t\t<\/div>\n\t\t<\/section>\n\t\t\t\t<section class=\"elementor-section elementor-top-section elementor-element elementor-element-5681b25 elementor-section-boxed elementor-section-height-default elementor-section-height-default\" data-id=\"5681b25\" data-element_type=\"section\" data-e-type=\"section\" id=\"gouverneur-emerite\" data-settings=\"{&quot;background_background&quot;:&quot;classic&quot;}\">\n\t\t\t\t\t\t<div class=\"elementor-container elementor-column-gap-default\">\n\t\t\t\t\t<div class=\"elementor-column elementor-col-100 elementor-top-column elementor-element elementor-element-d748762\" data-id=\"d748762\" data-element_type=\"column\" data-e-type=\"column\">\n\t\t\t<div class=\"elementor-widget-wrap elementor-element-populated\">\n\t\t\t\t\t\t<div class=\"elementor-element elementor-element-a1a68c4 elementor-widget elementor-widget-heading\" data-id=\"a1a68c4\" data-element_type=\"widget\" data-e-type=\"widget\" data-widget_type=\"heading.default\">\n\t\t\t\t<div class=\"elementor-widget-container\">\n\t\t\t\t\t<h2 class=\"elementor-heading-title elementor-size-default\">Donor Category $100,000 \u2013 $199,999 <\/h2>\t\t\t\t<\/div>\n\t\t\t\t<\/div>\n\t\t\t\t<section class=\"elementor-section elementor-inner-section elementor-element elementor-element-e575bf3 elementor-section-boxed elementor-section-height-default elementor-section-height-default\" data-id=\"e575bf3\" data-element_type=\"section\" data-e-type=\"section\">\n\t\t\t\t\t\t<div class=\"elementor-container elementor-column-gap-default\">\n\t\t\t\t\t<div class=\"elementor-column elementor-col-33 elementor-inner-column elementor-element elementor-element-68e3cc4\" data-id=\"68e3cc4\" data-element_type=\"column\" data-e-type=\"column\">\n\t\t\t<div class=\"elementor-widget-wrap elementor-element-populated\">\n\t\t\t\t\t\t<div class=\"elementor-element elementor-element-eacb96d elementor-widget elementor-widget-text-editor\" data-id=\"eacb96d\" data-element_type=\"widget\" data-e-type=\"widget\" data-widget_type=\"text-editor.default\">\n\t\t\t\t<div class=\"elementor-widget-container\">\n\t\t\t\t\t\t\t\t\t<p>Claude Beaulieu Sports<br \/>Consortium M.R.<br \/>Fondation Edouard et ses \u00e9toiles<br \/>Fondation Monique et Bernard Casavant<br \/>Fondation Ordina-Coeur<br \/>Gilbert Rousseau<br \/>L-3 Communications MAS Canada<br \/>Les Entreprises Rolland<br \/>Les Sommets Saint-Sauveur | Gabriel | Olympia | Morin-Heights | Edelweiss<\/p>\t\t\t\t\t\t\t\t<\/div>\n\t\t\t\t<\/div>\n\t\t\t\t\t<\/div>\n\t\t<\/div>\n\t\t\t\t<div class=\"elementor-column elementor-col-33 elementor-inner-column elementor-element elementor-element-74a028b\" data-id=\"74a028b\" data-element_type=\"column\" data-e-type=\"column\">\n\t\t\t<div class=\"elementor-widget-wrap\">\n\t\t\t\t\t\t\t<\/div>\n\t\t<\/div>\n\t\t\t\t<div class=\"elementor-column elementor-col-33 elementor-inner-column elementor-element elementor-element-34e5c93\" data-id=\"34e5c93\" data-element_type=\"column\" data-e-type=\"column\">\n\t\t\t<div class=\"elementor-widget-wrap elementor-element-populated\">\n\t\t\t\t\t\t<div class=\"elementor-element elementor-element-192de7e elementor-widget elementor-widget-text-editor\" data-id=\"192de7e\" data-element_type=\"widget\" data-e-type=\"widget\" data-widget_type=\"text-editor.default\">\n\t\t\t\t<div class=\"elementor-widget-container\">\n\t\t\t\t\t\t\t\t\t<p>Meubles Foliot<br \/>Nord Sud Honda<br \/>PACCAR du Canada<br \/>PFD avocats<br \/>Qu\u00e9becor<br \/>Rochon Th\u00e9riault Chartrand<br \/>Gilbert Rousseau<br \/>Succession Rapha\u00ebl Grondin<br \/>Syscomax<br \/>Ville de Saint-J\u00e9r\u00f4me<\/p>\t\t\t\t\t\t\t\t<\/div>\n\t\t\t\t<\/div>\n\t\t\t\t\t<\/div>\n\t\t<\/div>\n\t\t\t\t\t<\/div>\n\t\t<\/section>\n\t\t\t\t\t<\/div>\n\t\t<\/div>\n\t\t\t\t\t<\/div>\n\t\t<\/section>\n\t\t\t\t<section class=\"elementor-section elementor-top-section elementor-element elementor-element-8ea5b3a elementor-section-boxed elementor-section-height-default elementor-section-height-default\" data-id=\"8ea5b3a\" data-element_type=\"section\" data-e-type=\"section\" id=\"gouverneur\" data-settings=\"{&quot;background_background&quot;:&quot;classic&quot;}\">\n\t\t\t\t\t\t<div class=\"elementor-container elementor-column-gap-default\">\n\t\t\t\t\t<div class=\"elementor-column elementor-col-100 elementor-top-column elementor-element elementor-element-43995df\" data-id=\"43995df\" data-element_type=\"column\" data-e-type=\"column\">\n\t\t\t<div class=\"elementor-widget-wrap elementor-element-populated\">\n\t\t\t\t\t\t<div class=\"elementor-element elementor-element-10cdc3b elementor-widget elementor-widget-heading\" data-id=\"10cdc3b\" data-element_type=\"widget\" data-e-type=\"widget\" data-widget_type=\"heading.default\">\n\t\t\t\t<div class=\"elementor-widget-container\">\n\t\t\t\t\t<h2 class=\"elementor-heading-title elementor-size-default\">Donor Category $50,000 - $99,999<\/h2>\t\t\t\t<\/div>\n\t\t\t\t<\/div>\n\t\t\t\t<section class=\"elementor-section elementor-inner-section elementor-element elementor-element-5a66701 elementor-section-boxed elementor-section-height-default elementor-section-height-default\" data-id=\"5a66701\" data-element_type=\"section\" data-e-type=\"section\">\n\t\t\t\t\t\t<div class=\"elementor-container elementor-column-gap-default\">\n\t\t\t\t\t<div class=\"elementor-column elementor-col-33 elementor-inner-column elementor-element elementor-element-2803eec\" data-id=\"2803eec\" data-element_type=\"column\" data-e-type=\"column\">\n\t\t\t<div class=\"elementor-widget-wrap elementor-element-populated\">\n\t\t\t\t\t\t<div class=\"elementor-element elementor-element-7c81de1 elementor-widget elementor-widget-text-editor\" data-id=\"7c81de1\" data-element_type=\"widget\" data-e-type=\"widget\" data-widget_type=\"text-editor.default\">\n\t\t\t\t<div class=\"elementor-widget-container\">\n\t\t\t\t\t\t\t\t\t<p>BMO Bank of Montr\u00e9al<br \/>Club Rotary St-J\u00e9r\u00f4me<br \/>Dr Daniel Picard<br \/>D\u00e9fi Dr Dominique Ouimet<\/p>\t\t\t\t\t\t\t\t<\/div>\n\t\t\t\t<\/div>\n\t\t\t\t\t<\/div>\n\t\t<\/div>\n\t\t\t\t<div class=\"elementor-column elementor-col-33 elementor-inner-column elementor-element elementor-element-ce77013\" data-id=\"ce77013\" data-element_type=\"column\" data-e-type=\"column\">\n\t\t\t<div class=\"elementor-widget-wrap\">\n\t\t\t\t\t\t\t<\/div>\n\t\t<\/div>\n\t\t\t\t<div class=\"elementor-column elementor-col-33 elementor-inner-column elementor-element elementor-element-aee85c3\" data-id=\"aee85c3\" data-element_type=\"column\" data-e-type=\"column\">\n\t\t\t<div class=\"elementor-widget-wrap elementor-element-populated\">\n\t\t\t\t\t\t<div class=\"elementor-element elementor-element-d95a7d7 elementor-widget elementor-widget-text-editor\" data-id=\"d95a7d7\" data-element_type=\"widget\" data-e-type=\"widget\" data-widget_type=\"text-editor.default\">\n\t\t\t\t<div class=\"elementor-widget-container\">\n\t\t\t\t\t\t\t\t\t<p>Fondation Bergeron Richard<br \/>Fonds Marguerite et Germain Leclair<br \/>Les Entreprises Godard<br \/>Pi\u00e8ces automobiles Lecavalier<\/p>\t\t\t\t\t\t\t\t<\/div>\n\t\t\t\t<\/div>\n\t\t\t\t\t<\/div>\n\t\t<\/div>\n\t\t\t\t\t<\/div>\n\t\t<\/section>\n\t\t\t\t\t<\/div>\n\t\t<\/div>\n\t\t\t\t\t<\/div>\n\t\t<\/section>\n\t\t\t\t<section class=\"elementor-section elementor-top-section elementor-element elementor-element-a6442a2 elementor-section-boxed elementor-section-height-default elementor-section-height-default\" data-id=\"a6442a2\" data-element_type=\"section\" data-e-type=\"section\" id=\"altruiste-remarquable\" data-settings=\"{&quot;background_background&quot;:&quot;classic&quot;}\">\n\t\t\t\t\t\t<div class=\"elementor-container elementor-column-gap-default\">\n\t\t\t\t\t<div class=\"elementor-column elementor-col-100 elementor-top-column elementor-element elementor-element-a58b76c\" data-id=\"a58b76c\" data-element_type=\"column\" data-e-type=\"column\">\n\t\t\t<div class=\"elementor-widget-wrap elementor-element-populated\">\n\t\t\t\t\t\t<div class=\"elementor-element elementor-element-a9457d5 elementor-widget elementor-widget-heading\" data-id=\"a9457d5\" data-element_type=\"widget\" data-e-type=\"widget\" data-widget_type=\"heading.default\">\n\t\t\t\t<div class=\"elementor-widget-container\">\n\t\t\t\t\t<h2 class=\"elementor-heading-title elementor-size-default\">Donor Category $25,000 - $49,999<\/h2>\t\t\t\t<\/div>\n\t\t\t\t<\/div>\n\t\t\t\t<section class=\"elementor-section elementor-inner-section elementor-element elementor-element-c02bff9 elementor-section-boxed elementor-section-height-default elementor-section-height-default\" data-id=\"c02bff9\" data-element_type=\"section\" data-e-type=\"section\">\n\t\t\t\t\t\t<div class=\"elementor-container elementor-column-gap-default\">\n\t\t\t\t\t<div class=\"elementor-column elementor-col-33 elementor-inner-column elementor-element elementor-element-dbfc896\" data-id=\"dbfc896\" data-element_type=\"column\" data-e-type=\"column\">\n\t\t\t<div class=\"elementor-widget-wrap elementor-element-populated\">\n\t\t\t\t\t\t<div class=\"elementor-element elementor-element-990bef0 elementor-widget elementor-widget-text-editor\" data-id=\"990bef0\" data-element_type=\"widget\" data-e-type=\"widget\" data-widget_type=\"text-editor.default\">\n\t\t\t\t<div class=\"elementor-widget-container\">\n\t\t\t\t\t\t\t\t\t<p>Scotiabank<br \/>Boisvert Chevrolet Buick GMC<br \/>Bombardier Avions Commerciaux<br \/>C.M.D.P CSSS de Saint-J\u00e9r\u00f4me<br \/>CIM-Conseil<br \/>Club Optimiste St-Pierre<br \/>Fondation Jean Meloche et Famille<br \/>Fran\u00e7ois Pageau-CDE<br \/>G\u00e9rald Paquette Entrepreneur \u00c9lectricien &amp; Associ\u00e9s<br \/>Grand\u2019Maison chauffage-climatisation<br \/>Groupe CIS<br \/>Hybride Technologies<\/p>\t\t\t\t\t\t\t\t<\/div>\n\t\t\t\t<\/div>\n\t\t\t\t\t<\/div>\n\t\t<\/div>\n\t\t\t\t<div class=\"elementor-column elementor-col-33 elementor-inner-column elementor-element elementor-element-06cb9e8\" data-id=\"06cb9e8\" data-element_type=\"column\" data-e-type=\"column\">\n\t\t\t<div class=\"elementor-widget-wrap\">\n\t\t\t\t\t\t\t<\/div>\n\t\t<\/div>\n\t\t\t\t<div class=\"elementor-column elementor-col-33 elementor-inner-column elementor-element elementor-element-04509b3\" data-id=\"04509b3\" data-element_type=\"column\" data-e-type=\"column\">\n\t\t\t<div class=\"elementor-widget-wrap elementor-element-populated\">\n\t\t\t\t\t\t<div class=\"elementor-element elementor-element-c6fe578 elementor-widget elementor-widget-text-editor\" data-id=\"c6fe578\" data-element_type=\"widget\" data-e-type=\"widget\" data-widget_type=\"text-editor.default\">\n\t\t\t\t<div class=\"elementor-widget-container\">\n\t\t\t\t\t\t\t\t\t<p>Jean-Guy Poulin\/Canadian Tire Saint-J\u00e9r\u00f4me<br \/>La Petite Bretonne<br \/>Les Constructions Raymond et Fils<br \/>LRV notaires<br \/>March\u00e9 Robert Tellier<br \/>Produits de M\u00e9tal Vulcain<br \/>Raymond Chabot Grant Thornton<br \/>Robert L\u00e9gar\u00e9<br \/>Sanofi Canada<br \/>Succession Ren\u00e9 Provost<br \/>Famille Odessa Quenneville<br \/>Th\u00e9r\u00e8se Daoust<\/p>\t\t\t\t\t\t\t\t<\/div>\n\t\t\t\t<\/div>\n\t\t\t\t\t<\/div>\n\t\t<\/div>\n\t\t\t\t\t<\/div>\n\t\t<\/section>\n\t\t\t\t\t<\/div>\n\t\t<\/div>\n\t\t\t\t\t<\/div>\n\t\t<\/section>\n\t\t\t\t<section class=\"elementor-section elementor-top-section elementor-element elementor-element-e05883f elementor-section-boxed elementor-section-height-default elementor-section-height-default\" data-id=\"e05883f\" data-element_type=\"section\" data-e-type=\"section\" id=\"altruiste\" data-settings=\"{&quot;background_background&quot;:&quot;classic&quot;}\">\n\t\t\t\t\t\t<div class=\"elementor-container elementor-column-gap-default\">\n\t\t\t\t\t<div class=\"elementor-column elementor-col-100 elementor-top-column elementor-element elementor-element-79bd33e\" data-id=\"79bd33e\" data-element_type=\"column\" data-e-type=\"column\">\n\t\t\t<div class=\"elementor-widget-wrap elementor-element-populated\">\n\t\t\t\t\t\t<div class=\"elementor-element elementor-element-aa78b66 elementor-widget elementor-widget-heading\" data-id=\"aa78b66\" data-element_type=\"widget\" data-e-type=\"widget\" data-widget_type=\"heading.default\">\n\t\t\t\t<div class=\"elementor-widget-container\">\n\t\t\t\t\t<h2 class=\"elementor-heading-title elementor-size-default\">Donor Category $10,000 - $24,999<\/h2>\t\t\t\t<\/div>\n\t\t\t\t<\/div>\n\t\t\t\t<section class=\"elementor-section elementor-inner-section elementor-element elementor-element-7321974 elementor-section-boxed elementor-section-height-default elementor-section-height-default\" data-id=\"7321974\" data-element_type=\"section\" data-e-type=\"section\">\n\t\t\t\t\t\t<div class=\"elementor-container elementor-column-gap-default\">\n\t\t\t\t\t<div class=\"elementor-column elementor-col-33 elementor-inner-column elementor-element elementor-element-7fd82b4\" data-id=\"7fd82b4\" data-element_type=\"column\" data-e-type=\"column\">\n\t\t\t<div class=\"elementor-widget-wrap elementor-element-populated\">\n\t\t\t\t\t\t<div class=\"elementor-element elementor-element-9915b92 elementor-widget elementor-widget-text-editor\" data-id=\"9915b92\" data-element_type=\"widget\" data-e-type=\"widget\" data-widget_type=\"text-editor.default\">\n\t\t\t\t<div class=\"elementor-widget-container\">\n\t\t\t\t\t\t\t\t\t<p>Aline Couillard<br \/>Atelier TAC<br \/>Autobus Le Petit Train du Nord<br \/>Buffet des Continents<br \/>Cascades<br \/>Centre de R\u00e9novation Marcil<br \/>Centre dentaire Daneault<br \/>Club de Ski des Travailleurs de l\u2019Automobile CSTA<br \/>Dr Denis Chapleau<br \/>Entreprises Dominic Payette<br \/>Famille Mario Leclair<br \/>Famille Rochon \u2013 spaghetti-thon<br \/>Fondation Bon d\u00e9part<br \/>Groupe Domco<br \/>Groupe \u00c9thier<br \/>H\u00e9libellule FBO<br \/>IGA Extra Chaumont &amp; Bilodeau<br \/>IGA Extra famille Pich\u00e9<br \/>Ilda Venditti Mori<br \/>Investissements au pied carr\u00e9<br \/>Dr Jean-Fran\u00e7ois Rouleau<br \/>La Cit\u00e9 de Mirabel<br \/>Les \u00c9tals<br \/>LKQ Ste-Sophie<br \/>M.I. Viau &amp; Fils<br \/>Dre Madeleine D\u00e9sy<br \/>Maison Courtemanche<\/p>\t\t\t\t\t\t\t\t<\/div>\n\t\t\t\t<\/div>\n\t\t\t\t\t<\/div>\n\t\t<\/div>\n\t\t\t\t<div class=\"elementor-column elementor-col-33 elementor-inner-column elementor-element elementor-element-e572ba0\" data-id=\"e572ba0\" data-element_type=\"column\" data-e-type=\"column\">\n\t\t\t<div class=\"elementor-widget-wrap\">\n\t\t\t\t\t\t\t<\/div>\n\t\t<\/div>\n\t\t\t\t<div class=\"elementor-column elementor-col-33 elementor-inner-column elementor-element elementor-element-b1277b9\" data-id=\"b1277b9\" data-element_type=\"column\" data-e-type=\"column\">\n\t\t\t<div class=\"elementor-widget-wrap elementor-element-populated\">\n\t\t\t\t\t\t<div class=\"elementor-element elementor-element-86e33fa elementor-widget elementor-widget-text-editor\" data-id=\"86e33fa\" data-element_type=\"widget\" data-e-type=\"widget\" data-widget_type=\"text-editor.default\">\n\t\t\t\t<div class=\"elementor-widget-container\">\n\t\t\t\t\t\t\t\t\t<p>Mathieu Isabelle \u2013 artiste sculpteur<br \/>Meubles Ashley<br \/>Municipalit\u00e9 de Piedmont<br \/>Municipalit\u00e9 de Ste-Sophie<br \/>Pharmacie Mich\u00e8le Daoust<br \/>Dr Philippe Ren\u00e9<br \/>Philips Lifeline<br \/>Pierre Boivin<br \/>Pro-Doc<br \/>Raymond Charest<br \/>R\u00e9frig\u00e9ration Locas<br \/>Restaurant Le Soleo<br \/>Roger S. Gibb<br \/>R\u00f4tisserie St-Hubert Mirabel<br \/>Soucy Baron<br \/>Succession C\u00e9cile Baudouin<br \/>Succession Marc D\u2019Aoust<br \/>Succession Myl\u00e8ne Brunet<br \/>Sylvain Hotte<br \/>Sylvain Rochon<br \/>TC media<br \/>TD Canada Trust<br \/>Toitures Hogues<br \/>Valmont Gagnon<br \/>Ville de Blainville<br \/>Ville de Mirabel<\/p>\t\t\t\t\t\t\t\t<\/div>\n\t\t\t\t<\/div>\n\t\t\t\t\t<\/div>\n\t\t<\/div>\n\t\t\t\t\t<\/div>\n\t\t<\/section>\n\t\t\t\t\t<\/div>\n\t\t<\/div>\n\t\t\t\t\t<\/div>\n\t\t<\/section>\n\t\t\t\t<\/div>\n\t\t","protected":false},"excerpt":{"rendered":"<p>Wall of Recognition Donor Category $1,100,000 and more The doctors of the Saint-J\u00e9r\u00f4me Regional Hospital Donor Category $500,000 &#8211; $999,999 National Bank of Canada and National Bank Financial Mouvement Desjardins [&hellip;]<\/p>\n","protected":false},"author":1,"featured_media":0,"parent":1979,"menu_order":0,"comment_status":"closed","ping_status":"closed","template":"","meta":{"_acf_changed":false,"inline_featured_image":false,"footnotes":""},"class_list":["post-1984","page","type-page","status-publish","hentry"],"acf":[],"_links":{"self":[{"href":"https:\/\/fondationhopitalsaint-jerome.org\/en\/wp-json\/wp\/v2\/pages\/1984","targetHints":{"allow":["GET"]}}],"collection":[{"href":"https:\/\/fondationhopitalsaint-jerome.org\/en\/wp-json\/wp\/v2\/pages"}],"about":[{"href":"https:\/\/fondationhopitalsaint-jerome.org\/en\/wp-json\/wp\/v2\/types\/page"}],"author":[{"embeddable":true,"href":"https:\/\/fondationhopitalsaint-jerome.org\/en\/wp-json\/wp\/v2\/users\/1"}],"replies":[{"embeddable":true,"href":"https:\/\/fondationhopitalsaint-jerome.org\/en\/wp-json\/wp\/v2\/comments?post=1984"}],"version-history":[{"count":0,"href":"https:\/\/fondationhopitalsaint-jerome.org\/en\/wp-json\/wp\/v2\/pages\/1984\/revisions"}],"up":[{"embeddable":true,"href":"https:\/\/fondationhopitalsaint-jerome.org\/en\/wp-json\/wp\/v2\/pages\/1979"}],"wp:attachment":[{"href":"https:\/\/fondationhopitalsaint-jerome.org\/en\/wp-json\/wp\/v2\/media?parent=1984"}],"curies":[{"name":"wp","href":"https:\/\/api.w.org\/{rel}","templated":true}]}}